{"id":2642,"date":"2026-02-06T21:19:05","date_gmt":"2026-02-06T21:19:05","guid":{"rendered":"https:\/\/macomcenter.com.br\/novo\/?post_type=product&#038;p=2642"},"modified":"2026-02-06T21:19:05","modified_gmt":"2026-02-06T21:19:05","slug":"liv-dogma-e-ritual-de-alta-magia","status":"publish","type":"product","link":"https:\/\/macomcenter.com.br\/novo\/produto\/liv-dogma-e-ritual-de-alta-magia\/","title":{"rendered":"LIV &#8211; Dogma e Ritual de Alta Magia"},"content":{"rendered":"<div class=\"Y3BBE\" data-sfc-cp=\"\" data-hveid=\"CAEQAA\" data-processed=\"true\">&#8220;Dogma e Ritual de Alta Magia&#8221;, de \u00c9liphas L\u00e9vi, \u00e9 uma obra fundamental do ocultismo ocidental do s\u00e9culo XIX que busca reconciliar ci\u00eancia, religi\u00e3o e magia. Dividido em duas partes (teoria e pr\u00e1tica),\u00a0<mark class=\"HxTRcb\" data-processed=\"true\">o livro explora a Cabala, o Tar\u00f4, a magia cerimonial e o desenvolvimento espiritual, tratando a magia como um caminho de autoconhecimento<\/mark>.<span class=\"uJ19be notranslate\" data-wiz-uids=\"wTKAX_c,wTKAX_d\" data-processed=\"true\"><span class=\"vKEkVd\" data-animation-atomic=\"\" data-wiz-attrbind=\"class=wTKAX_b\/TKHnVd\" data-processed=\"true\"><span aria-hidden=\"true\" data-processed=\"true\">\u00a0<\/span><button class=\"rBl3me\" tabindex=\"0\" data-amic=\"true\" data-icl-uuid=\"1209d506-8c83-4d90-a9d6-a88106adae20\" aria-label=\"Mostrar links relacionados\" data-wiz-attrbind=\"disabled=wTKAX_b\/C5gNJc;aria-label=wTKAX_b\/bOjMyf;class=wTKAX_b\/UpSNec\" data-ved=\"2ahUKEwivwtzj5MWSAxWkGrkGHfPOAssQye0OegQIARAC\" data-processed=\"true\"><\/button><\/span><\/span><\/div>\n<div class=\"Y3BBE\" data-sfc-cp=\"\" data-hveid=\"CAIQAA\" data-processed=\"true\"><strong class=\"Yjhzub\" data-processed=\"true\">Principais aspectos:<\/strong><button class=\"rBl3me\" tabindex=\"0\" data-amic=\"true\" data-icl-uuid=\"6d341120-6ea7-4c94-95c9-735d3c084a2d\" aria-label=\"Mostrar links relacionados\" data-wiz-attrbind=\"disabled=wTKAX_l\/C5gNJc;aria-label=wTKAX_l\/bOjMyf;class=wTKAX_l\/UpSNec\" data-ved=\"2ahUKEwivwtzj5MWSAxWkGrkGHfPOAssQye0OegQIAhAB\" data-processed=\"true\"><\/button><\/div>\n<ul class=\"KsbFXc U6u95\" data-processed=\"true\">\n<li data-hveid=\"CAMQAA\" data-processed=\"true\"><span class=\"T286Pc\" data-sfc-cp=\"\" data-processed=\"true\"><strong class=\"Yjhzub\" data-processed=\"true\">Dogma (Parte I):<\/strong>\u00a0Explora a teoria da magia, o esoterismo, os mist\u00e9rios cabal\u00edsticos e a compreens\u00e3o dos s\u00edmbolos.<\/span><\/li>\n<li data-hveid=\"CAMQAQ\" data-processed=\"true\"><span class=\"T286Pc\" data-sfc-cp=\"\" data-processed=\"true\"><strong class=\"Yjhzub\" data-processed=\"true\">Ritual (Parte II):<\/strong>\u00a0Dedica-se \u00e0 pr\u00e1tica da magia cerimonial, instrumentos m\u00e1gicos e a manipula\u00e7\u00e3o de for\u00e7as.<\/span><\/li>\n<li data-hveid=\"CAMQAg\" data-processed=\"true\"><span class=\"T286Pc\" data-sfc-cp=\"\" data-processed=\"true\"><strong class=\"Yjhzub\" data-processed=\"true\">Objetivo:<\/strong>\u00a0Transforma o praticante atrav\u00e9s da harmoniza\u00e7\u00e3o da mente, corpo e esp\u00edrito, elevando a vontade sobre a fatalidade.<\/span><\/li>\n<li data-hveid=\"CAMQAw\" data-processed=\"true\"><span class=\"T286Pc\" data-sfc-cp=\"\" data-processed=\"true\"><strong class=\"Yjhzub\" data-processed=\"true\">Conte\u00fado:<\/strong>\u00a0Aborda temas como transmuta\u00e7\u00e3o, adivinha\u00e7\u00e3o, talism\u00e3s e a s\u00edntese da filosofia oculta.<\/span><span class=\"uJ19be notranslate\" data-wiz-uids=\"wTKAX_12,wTKAX_13\" data-processed=\"true\"><span class=\"vKEkVd\" data-animation-atomic=\"\" data-wiz-attrbind=\"class=wTKAX_11\/TKHnVd\" data-processed=\"true\"><span aria-hidden=\"true\" data-processed=\"true\">\u00a0<\/span><button class=\"rBl3me\" tabindex=\"0\" data-amic=\"true\" data-icl-uuid=\"b90d7b4e-3434-4b34-9a8b-2aa2612027a5\" aria-label=\"Mostrar links relacionados\" data-wiz-attrbind=\"disabled=wTKAX_11\/C5gNJc;aria-label=wTKAX_11\/bOjMyf;class=wTKAX_11\/UpSNec\" data-ved=\"2ahUKEwivwtzj5MWSAxWkGrkGHfPOAssQye0OegQIAxAE\" data-processed=\"true\"><\/button><\/span><\/span><\/li>\n<\/ul>\n<div class=\"Y3BBE\" data-sfc-cp=\"\" data-hveid=\"CAQQAA\" data-processed=\"true\">A obra \u00e9 considerada um tratado cl\u00e1ssico, indispens\u00e1vel para o estudo do esoterismo moderno.<span class=\"uJ19be notranslate\" data-wiz-uids=\"wTKAX_1b,wTKAX_1c\" data-processed=\"true\"><span class=\"vKEkVd\" data-animation-atomic=\"\" data-wiz-attrbind=\"class=wTKAX_1a\/TKHnVd\" data-processed=\"true\"><span aria-hidden=\"true\" data-processed=\"true\">\u00a0<\/span><\/span><\/span><\/div>\n","protected":false},"excerpt":{"rendered":"<p>413 p\u00e1g<\/p>\n","protected":false},"featured_media":2643,"comment_status":"open","ping_status":"closed","template":"","meta":{"site-sidebar-layout":"default","site-content-layout":"","ast-site-content-layout":"default","site-content-style":"default","site-sidebar-style":"default","ast-global-header-display":"","ast-banner-title-visibility":"","ast-main-header-display":"","ast-hfb-above-header-display":"","ast-hfb-below-header-display":"","ast-hfb-mobile-header-display":"","site-post-title":"","ast-breadcrumbs-content":"","ast-featured-img":"","footer-sml-layout":"","ast-disable-related-posts":"","theme-transparent-header-meta":"default","adv-header-id-meta":"","stick-header-meta":"","header-above-stick-meta":"","header-main-stick-meta":"","header-below-stick-meta":"","astra-migrate-meta-layouts":"set","ast-page-background-enabled":"default","ast-page-background-meta":{"desktop":{"background-color":"var(--ast-global-color-5)","background-image":"","background-repeat":"repeat","background-position":"center center","background-size":"auto","background-attachment":"scroll","background-type":"","background-media":"","overlay-type":"","overlay-color":"","overlay-opacity":"","overlay-gradient":""},"tablet":{"background-color":"","background-image":"","background-repeat":"repeat","background-position":"center center","background-size":"auto","background-attachment":"scroll","background-type":"","background-media":"","overlay-type":"","overlay-color":"","overlay-opacity":"","overlay-gradient":""},"mobile":{"background-color":"","background-image":"","background-repeat":"repeat","background-position":"center center","background-size":"auto","background-attachment":"scroll","background-type":"","background-media":"","overlay-type":"","overlay-color":"","overlay-opacity":"","overlay-gradient":""}},"ast-content-background-meta":{"desktop":{"background-color":"var(--ast-global-color-4)","background-image":"","background-repeat":"repeat","background-position":"center center","background-size":"auto","background-attachment":"scroll","background-type":"","background-media":"","overlay-type":"","overlay-color":"","overlay-opacity":"","overlay-gradient":""},"tablet":{"background-color":"var(--ast-global-color-4)","background-image":"","background-repeat":"repeat","background-position":"center center","background-size":"auto","background-attachment":"scroll","background-type":"","background-media":"","overlay-type":"","overlay-color":"","overlay-opacity":"","overlay-gradient":""},"mobile":{"background-color":"var(--ast-global-color-4)","background-image":"","background-repeat":"repeat","background-position":"center center","background-size":"auto","background-attachment":"scroll","background-type":"","background-media":"","overlay-type":"","overlay-color":"","overlay-opacity":"","overlay-gradient":""}}},"product_brand":[],"product_cat":[40],"product_tag":[],"class_list":{"0":"post-2642","1":"product","2":"type-product","3":"status-publish","4":"has-post-thumbnail","6":"product_cat-livros","7":"desktop-align-center","8":"tablet-align-left","9":"mobile-align-left","11":"first","12":"instock","13":"shipping-taxable","14":"purchasable","15":"product-type-simple"},"yoast_head":"<!-- This site is optimized with the Yoast SEO plugin v27.6 - https:\/\/yoast.com\/product\/yoast-seo-wordpress\/ -->\n<title>LIV - Dogma e Ritual de Alta Magia - Ma\u00e7om Center<\/title>\n<meta name=\"description\" content=\"LIV - Dogma e Ritual de Alta Magia\" \/>\n<meta name=\"robots\" content=\"index, follow, max-snippet:-1, max-image-preview:large, max-video-preview:-1\" \/>\n<link rel=\"canonical\" href=\"https:\/\/macomcenter.com.br\/novo\/produto\/liv-dogma-e-ritual-de-alta-magia\/\" \/>\n<meta property=\"og:locale\" content=\"pt_BR\" \/>\n<meta property=\"og:type\" content=\"article\" \/>\n<meta property=\"og:title\" content=\"LIV - Dogma e Ritual de Alta Magia - Ma\u00e7om Center\" \/>\n<meta property=\"og:description\" content=\"LIV - Dogma e Ritual de Alta Magia\" \/>\n<meta property=\"og:url\" content=\"https:\/\/macomcenter.com.br\/novo\/produto\/liv-dogma-e-ritual-de-alta-magia\/\" \/>\n<meta property=\"og:site_name\" content=\"Ma\u00e7om Center\" \/>\n<meta property=\"og:image\" content=\"https:\/\/macomcenter.com.br\/novo\/wp-content\/uploads\/2026\/02\/Dogma-e-Ritual-de-Alta-Magia-f.png\" \/>\n\t<meta property=\"og:image:width\" content=\"800\" \/>\n\t<meta property=\"og:image:height\" content=\"800\" \/>\n\t<meta property=\"og:image:type\" content=\"image\/png\" \/>\n<meta name=\"twitter:card\" content=\"summary_large_image\" \/>\n<meta name=\"twitter:label1\" content=\"Est. tempo de leitura\" \/>\n\t<meta name=\"twitter:data1\" content=\"1 minuto\" \/>\n<script type=\"application\/ld+json\" class=\"yoast-schema-graph\">{\"@context\":\"https:\\\/\\\/schema.org\",\"@graph\":[{\"@type\":\"WebPage\",\"@id\":\"https:\\\/\\\/macomcenter.com.br\\\/novo\\\/produto\\\/liv-dogma-e-ritual-de-alta-magia\\\/\",\"url\":\"https:\\\/\\\/macomcenter.com.br\\\/novo\\\/produto\\\/liv-dogma-e-ritual-de-alta-magia\\\/\",\"name\":\"LIV - Dogma e Ritual de Alta Magia - Ma\u00e7om Center\",\"isPartOf\":{\"@id\":\"https:\\\/\\\/macomcenter.com.br\\\/novo\\\/#website\"},\"primaryImageOfPage\":{\"@id\":\"https:\\\/\\\/macomcenter.com.br\\\/novo\\\/produto\\\/liv-dogma-e-ritual-de-alta-magia\\\/#primaryimage\"},\"image\":{\"@id\":\"https:\\\/\\\/macomcenter.com.br\\\/novo\\\/produto\\\/liv-dogma-e-ritual-de-alta-magia\\\/#primaryimage\"},\"thumbnailUrl\":\"https:\\\/\\\/macomcenter.com.br\\\/novo\\\/wp-content\\\/uploads\\\/2026\\\/02\\\/Dogma-e-Ritual-de-Alta-Magia-f.png\",\"datePublished\":\"2026-02-06T21:19:05+00:00\",\"description\":\"LIV - Dogma e Ritual de Alta Magia\",\"breadcrumb\":{\"@id\":\"https:\\\/\\\/macomcenter.com.br\\\/novo\\\/produto\\\/liv-dogma-e-ritual-de-alta-magia\\\/#breadcrumb\"},\"inLanguage\":\"pt-BR\",\"potentialAction\":[{\"@type\":\"ReadAction\",\"target\":[\"https:\\\/\\\/macomcenter.com.br\\\/novo\\\/produto\\\/liv-dogma-e-ritual-de-alta-magia\\\/\"]}]},{\"@type\":\"ImageObject\",\"inLanguage\":\"pt-BR\",\"@id\":\"https:\\\/\\\/macomcenter.com.br\\\/novo\\\/produto\\\/liv-dogma-e-ritual-de-alta-magia\\\/#primaryimage\",\"url\":\"https:\\\/\\\/macomcenter.com.br\\\/novo\\\/wp-content\\\/uploads\\\/2026\\\/02\\\/Dogma-e-Ritual-de-Alta-Magia-f.png\",\"contentUrl\":\"https:\\\/\\\/macomcenter.com.br\\\/novo\\\/wp-content\\\/uploads\\\/2026\\\/02\\\/Dogma-e-Ritual-de-Alta-Magia-f.png\",\"width\":800,\"height\":800},{\"@type\":\"BreadcrumbList\",\"@id\":\"https:\\\/\\\/macomcenter.com.br\\\/novo\\\/produto\\\/liv-dogma-e-ritual-de-alta-magia\\\/#breadcrumb\",\"itemListElement\":[{\"@type\":\"ListItem\",\"position\":1,\"name\":\"In\u00edcio\",\"item\":\"https:\\\/\\\/macomcenter.com.br\\\/novo\\\/\"},{\"@type\":\"ListItem\",\"position\":2,\"name\":\"Produtos\",\"item\":\"https:\\\/\\\/macomcenter.com.br\\\/novo\\\/shop\\\/\"},{\"@type\":\"ListItem\",\"position\":3,\"name\":\"LIV &#8211; Dogma e Ritual de Alta Magia\"}]},{\"@type\":\"WebSite\",\"@id\":\"https:\\\/\\\/macomcenter.com.br\\\/novo\\\/#website\",\"url\":\"https:\\\/\\\/macomcenter.com.br\\\/novo\\\/\",\"name\":\"Ma\u00e7om Center\",\"description\":\"A melhor loja virtual para Ma\u00e7ons\",\"potentialAction\":[{\"@type\":\"SearchAction\",\"target\":{\"@type\":\"EntryPoint\",\"urlTemplate\":\"https:\\\/\\\/macomcenter.com.br\\\/novo\\\/?s={search_term_string}\"},\"query-input\":{\"@type\":\"PropertyValueSpecification\",\"valueRequired\":true,\"valueName\":\"search_term_string\"}}],\"inLanguage\":\"pt-BR\"}]}<\/script>\n<!-- \/ Yoast SEO plugin. -->","yoast_head_json":{"title":"LIV - Dogma e Ritual de Alta Magia - Ma\u00e7om Center","description":"LIV - Dogma e Ritual de Alta Magia","robots":{"index":"index","follow":"follow","max-snippet":"max-snippet:-1","max-image-preview":"max-image-preview:large","max-video-preview":"max-video-preview:-1"},"canonical":"https:\/\/macomcenter.com.br\/novo\/produto\/liv-dogma-e-ritual-de-alta-magia\/","og_locale":"pt_BR","og_type":"article","og_title":"LIV - Dogma e Ritual de Alta Magia - Ma\u00e7om Center","og_description":"LIV - Dogma e Ritual de Alta Magia","og_url":"https:\/\/macomcenter.com.br\/novo\/produto\/liv-dogma-e-ritual-de-alta-magia\/","og_site_name":"Ma\u00e7om Center","og_image":[{"width":800,"height":800,"url":"https:\/\/macomcenter.com.br\/novo\/wp-content\/uploads\/2026\/02\/Dogma-e-Ritual-de-Alta-Magia-f.png","type":"image\/png"}],"twitter_card":"summary_large_image","twitter_misc":{"Est. tempo de leitura":"1 minuto"},"schema":{"@context":"https:\/\/schema.org","@graph":[{"@type":"WebPage","@id":"https:\/\/macomcenter.com.br\/novo\/produto\/liv-dogma-e-ritual-de-alta-magia\/","url":"https:\/\/macomcenter.com.br\/novo\/produto\/liv-dogma-e-ritual-de-alta-magia\/","name":"LIV - Dogma e Ritual de Alta Magia - Ma\u00e7om Center","isPartOf":{"@id":"https:\/\/macomcenter.com.br\/novo\/#website"},"primaryImageOfPage":{"@id":"https:\/\/macomcenter.com.br\/novo\/produto\/liv-dogma-e-ritual-de-alta-magia\/#primaryimage"},"image":{"@id":"https:\/\/macomcenter.com.br\/novo\/produto\/liv-dogma-e-ritual-de-alta-magia\/#primaryimage"},"thumbnailUrl":"https:\/\/macomcenter.com.br\/novo\/wp-content\/uploads\/2026\/02\/Dogma-e-Ritual-de-Alta-Magia-f.png","datePublished":"2026-02-06T21:19:05+00:00","description":"LIV - Dogma e Ritual de Alta Magia","breadcrumb":{"@id":"https:\/\/macomcenter.com.br\/novo\/produto\/liv-dogma-e-ritual-de-alta-magia\/#breadcrumb"},"inLanguage":"pt-BR","potentialAction":[{"@type":"ReadAction","target":["https:\/\/macomcenter.com.br\/novo\/produto\/liv-dogma-e-ritual-de-alta-magia\/"]}]},{"@type":"ImageObject","inLanguage":"pt-BR","@id":"https:\/\/macomcenter.com.br\/novo\/produto\/liv-dogma-e-ritual-de-alta-magia\/#primaryimage","url":"https:\/\/macomcenter.com.br\/novo\/wp-content\/uploads\/2026\/02\/Dogma-e-Ritual-de-Alta-Magia-f.png","contentUrl":"https:\/\/macomcenter.com.br\/novo\/wp-content\/uploads\/2026\/02\/Dogma-e-Ritual-de-Alta-Magia-f.png","width":800,"height":800},{"@type":"BreadcrumbList","@id":"https:\/\/macomcenter.com.br\/novo\/produto\/liv-dogma-e-ritual-de-alta-magia\/#breadcrumb","itemListElement":[{"@type":"ListItem","position":1,"name":"In\u00edcio","item":"https:\/\/macomcenter.com.br\/novo\/"},{"@type":"ListItem","position":2,"name":"Produtos","item":"https:\/\/macomcenter.com.br\/novo\/shop\/"},{"@type":"ListItem","position":3,"name":"LIV &#8211; Dogma e Ritual de Alta Magia"}]},{"@type":"WebSite","@id":"https:\/\/macomcenter.com.br\/novo\/#website","url":"https:\/\/macomcenter.com.br\/novo\/","name":"Ma\u00e7om Center","description":"A melhor loja virtual para Ma\u00e7ons","potentialAction":[{"@type":"SearchAction","target":{"@type":"EntryPoint","urlTemplate":"https:\/\/macomcenter.com.br\/novo\/?s={search_term_string}"},"query-input":{"@type":"PropertyValueSpecification","valueRequired":true,"valueName":"search_term_string"}}],"inLanguage":"pt-BR"}]}},"_links":{"self":[{"href":"https:\/\/macomcenter.com.br\/novo\/wp-json\/wp\/v2\/product\/2642","targetHints":{"allow":["GET"]}}],"collection":[{"href":"https:\/\/macomcenter.com.br\/novo\/wp-json\/wp\/v2\/product"}],"about":[{"href":"https:\/\/macomcenter.com.br\/novo\/wp-json\/wp\/v2\/types\/product"}],"replies":[{"embeddable":true,"href":"https:\/\/macomcenter.com.br\/novo\/wp-json\/wp\/v2\/comments?post=2642"}],"wp:featuredmedia":[{"embeddable":true,"href":"https:\/\/macomcenter.com.br\/novo\/wp-json\/wp\/v2\/media\/2643"}],"wp:attachment":[{"href":"https:\/\/macomcenter.com.br\/novo\/wp-json\/wp\/v2\/media?parent=2642"}],"wp:term":[{"taxonomy":"product_brand","embeddable":true,"href":"https:\/\/macomcenter.com.br\/novo\/wp-json\/wp\/v2\/product_brand?post=2642"},{"taxonomy":"product_cat","embeddable":true,"href":"https:\/\/macomcenter.com.br\/novo\/wp-json\/wp\/v2\/product_cat?post=2642"},{"taxonomy":"product_tag","embeddable":true,"href":"https:\/\/macomcenter.com.br\/novo\/wp-json\/wp\/v2\/product_tag?post=2642"}],"curies":[{"name":"wp","href":"https:\/\/api.w.org\/{rel}","templated":true}]}}