{"id":2634,"date":"2026-02-06T21:05:21","date_gmt":"2026-02-06T21:05:21","guid":{"rendered":"https:\/\/macomcenter.com.br\/novo\/?post_type=product&#038;p=2634"},"modified":"2026-02-06T21:05:22","modified_gmt":"2026-02-06T21:05:22","slug":"liv-grau-1-da-maconaria-aprendiz-macom","status":"publish","type":"product","link":"https:\/\/macomcenter.com.br\/novo\/produto\/liv-grau-1-da-maconaria-aprendiz-macom\/","title":{"rendered":"LIV &#8211; Grau 1 da Ma\u00e7onaria: Aprendiz Ma\u00e7om"},"content":{"rendered":"<div class=\"Y3BBE\" data-sfc-cp=\"\" data-hveid=\"CAEQAA\" data-processed=\"true\">O livro &#8220;Grau 1 da Ma\u00e7onaria: Aprendiz Ma\u00e7om&#8221; (geralmente de Edil Eduardo Pereira pela\u00a0<span data-processed=\"true\"><a class=\"H23r4e\" href=\"https:\/\/www.madras.com.br\/maconaria\/grau-1-da-maconaria\" target=\"_blank\" rel=\"noopener\" data-processed=\"true\">Madras Editora<\/a><\/span>)\u00a0<mark class=\"HxTRcb\" data-processed=\"true\">aborda os fundamentos iniciais da ma\u00e7onaria simb\u00f3lica, focando na inicia\u00e7\u00e3o, rituais, s\u00edmbolos e instru\u00e7\u00f5es do primeiro grau<\/mark>. Ele guia o rec\u00e9m-iniciado no renascimento simb\u00f3lico, desbastar a &#8220;pedra bruta&#8221; e o entendimento dos deveres do Aprendiz no Rito Escoc\u00eas Antigo e Aceito.<span class=\"uJ19be notranslate\" data-wiz-uids=\"B48fmd_d,B48fmd_e\" data-processed=\"true\"><span class=\"vKEkVd\" data-animation-atomic=\"\" data-wiz-attrbind=\"class=B48fmd_c\/TKHnVd\" data-processed=\"true\"><span aria-hidden=\"true\" data-processed=\"true\">\u00a0<\/span><button class=\"rBl3me\" tabindex=\"0\" data-amic=\"true\" data-icl-uuid=\"d658331d-cb0f-4353-9dd0-6ed67107a54b\" aria-label=\"Mostrar links relacionados\" data-wiz-attrbind=\"disabled=B48fmd_c\/C5gNJc;aria-label=B48fmd_c\/bOjMyf;class=B48fmd_c\/UpSNec\" data-ved=\"2ahUKEwj939jj4cWSAxV9q5UCHXXqN14Qye0OegQIARAD\" data-processed=\"true\"><\/button><\/span><\/span><\/div>\n<div class=\"Y3BBE\" data-sfc-cp=\"\" data-hveid=\"CAIQAA\" data-processed=\"true\"><strong class=\"Yjhzub\" data-processed=\"true\">Pontos Principais da Obra:<\/strong><button class=\"rBl3me\" tabindex=\"0\" data-amic=\"true\" data-icl-uuid=\"14fa90cd-a4d6-4aa3-a4bd-35aede8bf26a\" aria-label=\"Mostrar links relacionados\" data-wiz-attrbind=\"disabled=B48fmd_j\/C5gNJc;aria-label=B48fmd_j\/bOjMyf;class=B48fmd_j\/UpSNec\" data-ved=\"2ahUKEwj939jj4cWSAxV9q5UCHXXqN14Qye0OegQIAhAB\" data-processed=\"true\"><\/button><\/div>\n<ul class=\"KsbFXc U6u95\" data-processed=\"true\">\n<li data-hveid=\"CAMQAA\" data-processed=\"true\"><span class=\"T286Pc\" data-sfc-cp=\"\" data-processed=\"true\"><strong class=\"Yjhzub\" data-processed=\"true\">Inicia\u00e7\u00e3o e Significado:<\/strong>\u00a0Explica a morte simb\u00f3lica no mundo profano e o renascimento na luz, essenciais para o ingresso na ordem.<\/span><\/li>\n<li data-hveid=\"CAMQAQ\" data-processed=\"true\"><span class=\"T286Pc\" data-sfc-cp=\"\" data-processed=\"true\"><strong class=\"Yjhzub\" data-processed=\"true\">Simbologia:<\/strong>\u00a0Explora o uso da pedra bruta, ferramentas de trabalho (ma\u00e7o e cinzel) e a marcha do aprendiz.<\/span><\/li>\n<li data-hveid=\"CAMQAg\" data-processed=\"true\"><span class=\"T286Pc\" data-sfc-cp=\"\" data-processed=\"true\"><strong class=\"Yjhzub\" data-processed=\"true\">Instru\u00e7\u00f5es e Rituais:<\/strong>\u00a0Fornece um guia de instru\u00e7\u00f5es, toques, palavras sagradas e regras cerimoniais que o Aprendiz deve dominar.<\/span><\/li>\n<li data-hveid=\"CAMQAw\" data-processed=\"true\"><span class=\"T286Pc\" data-sfc-cp=\"\" data-processed=\"true\"><strong class=\"Yjhzub\" data-processed=\"true\">Filosofia:<\/strong>\u00a0Introduz o autoconhecimento e a constru\u00e7\u00e3o moral, essenciais para o desenvolvimento pessoal na senda ma\u00e7\u00f4nica.<\/span><span class=\"uJ19be notranslate\" data-wiz-uids=\"B48fmd_10,B48fmd_11\" data-processed=\"true\"><span class=\"vKEkVd\" data-animation-atomic=\"\" data-wiz-attrbind=\"class=B48fmd_z\/TKHnVd\" data-processed=\"true\"><span aria-hidden=\"true\" data-processed=\"true\">\u00a0<\/span><button class=\"rBl3me\" tabindex=\"0\" data-amic=\"true\" data-icl-uuid=\"6624650c-30d4-4e6d-964f-4fca27b0536a\" aria-label=\"Mostrar links relacionados\" data-wiz-attrbind=\"disabled=B48fmd_z\/C5gNJc;aria-label=B48fmd_z\/bOjMyf;class=B48fmd_z\/UpSNec\" data-ved=\"2ahUKEwj939jj4cWSAxV9q5UCHXXqN14Qye0OegQIAxAE\" data-processed=\"true\"><\/button><\/span><\/span><\/li>\n<\/ul>\n<div class=\"Y3BBE\" data-sfc-cp=\"\" data-hveid=\"CAQQAA\" data-processed=\"true\">O livro funciona como um manual pr\u00e1tico e filos\u00f3fico para a jornada do Aprendiz.<\/div>\n","protected":false},"excerpt":{"rendered":"<p>160 p\u00e1g<\/p>\n","protected":false},"featured_media":2635,"comment_status":"open","ping_status":"closed","template":"","meta":{"site-sidebar-layout":"default","site-content-layout":"","ast-site-content-layout":"default","site-content-style":"default","site-sidebar-style":"default","ast-global-header-display":"","ast-banner-title-visibility":"","ast-main-header-display":"","ast-hfb-above-header-display":"","ast-hfb-below-header-display":"","ast-hfb-mobile-header-display":"","site-post-title":"","ast-breadcrumbs-content":"","ast-featured-img":"","footer-sml-layout":"","ast-disable-related-posts":"","theme-transparent-header-meta":"default","adv-header-id-meta":"","stick-header-meta":"","header-above-stick-meta":"","header-main-stick-meta":"","header-below-stick-meta":"","astra-migrate-meta-layouts":"set","ast-page-background-enabled":"default","ast-page-background-meta":{"desktop":{"background-color":"var(--ast-global-color-5)","background-image":"","background-repeat":"repeat","background-position":"center center","background-size":"auto","background-attachment":"scroll","background-type":"","background-media":"","overlay-type":"","overlay-color":"","overlay-opacity":"","overlay-gradient":""},"tablet":{"background-color":"","background-image":"","background-repeat":"repeat","background-position":"center center","background-size":"auto","background-attachment":"scroll","background-type":"","background-media":"","overlay-type":"","overlay-color":"","overlay-opacity":"","overlay-gradient":""},"mobile":{"background-color":"","background-image":"","background-repeat":"repeat","background-position":"center center","background-size":"auto","background-attachment":"scroll","background-type":"","background-media":"","overlay-type":"","overlay-color":"","overlay-opacity":"","overlay-gradient":""}},"ast-content-background-meta":{"desktop":{"background-color":"var(--ast-global-color-4)","background-image":"","background-repeat":"repeat","background-position":"center center","background-size":"auto","background-attachment":"scroll","background-type":"","background-media":"","overlay-type":"","overlay-color":"","overlay-opacity":"","overlay-gradient":""},"tablet":{"background-color":"var(--ast-global-color-4)","background-image":"","background-repeat":"repeat","background-position":"center center","background-size":"auto","background-attachment":"scroll","background-type":"","background-media":"","overlay-type":"","overlay-color":"","overlay-opacity":"","overlay-gradient":""},"mobile":{"background-color":"var(--ast-global-color-4)","background-image":"","background-repeat":"repeat","background-position":"center center","background-size":"auto","background-attachment":"scroll","background-type":"","background-media":"","overlay-type":"","overlay-color":"","overlay-opacity":"","overlay-gradient":""}}},"product_brand":[],"product_cat":[40],"product_tag":[],"class_list":{"0":"post-2634","1":"product","2":"type-product","3":"status-publish","4":"has-post-thumbnail","6":"product_cat-livros","7":"desktop-align-center","8":"tablet-align-left","9":"mobile-align-left","11":"first","12":"instock","13":"shipping-taxable","14":"purchasable","15":"product-type-simple"},"yoast_head":"<!-- This site is optimized with the Yoast SEO plugin v27.5 - https:\/\/yoast.com\/product\/yoast-seo-wordpress\/ -->\n<title>LIV - Grau 1 da Ma\u00e7onaria: Aprendiz Ma\u00e7om - Ma\u00e7om Center<\/title>\n<meta name=\"description\" content=\"LIV - Grau 1 da Ma\u00e7onaria: Aprendiz Ma\u00e7om\" \/>\n<meta name=\"robots\" content=\"index, follow, max-snippet:-1, max-image-preview:large, max-video-preview:-1\" \/>\n<link rel=\"canonical\" href=\"https:\/\/macomcenter.com.br\/novo\/produto\/liv-grau-1-da-maconaria-aprendiz-macom\/\" \/>\n<meta property=\"og:locale\" content=\"pt_BR\" \/>\n<meta property=\"og:type\" content=\"article\" \/>\n<meta property=\"og:title\" content=\"LIV - Grau 1 da Ma\u00e7onaria: Aprendiz Ma\u00e7om - Ma\u00e7om Center\" \/>\n<meta property=\"og:description\" content=\"LIV - Grau 1 da Ma\u00e7onaria: Aprendiz Ma\u00e7om\" \/>\n<meta property=\"og:url\" content=\"https:\/\/macomcenter.com.br\/novo\/produto\/liv-grau-1-da-maconaria-aprendiz-macom\/\" \/>\n<meta property=\"og:site_name\" content=\"Ma\u00e7om Center\" \/>\n<meta property=\"article:modified_time\" content=\"2026-02-06T21:05:22+00:00\" \/>\n<meta property=\"og:image\" content=\"https:\/\/macomcenter.com.br\/novo\/wp-content\/uploads\/2026\/02\/Grau-1-da-Maconaria-f.png\" \/>\n\t<meta property=\"og:image:width\" content=\"1544\" \/>\n\t<meta property=\"og:image:height\" content=\"1544\" \/>\n\t<meta property=\"og:image:type\" content=\"image\/png\" \/>\n<meta name=\"twitter:card\" content=\"summary_large_image\" \/>\n<meta name=\"twitter:label1\" content=\"Est. tempo de leitura\" \/>\n\t<meta name=\"twitter:data1\" content=\"2 minutos\" \/>\n<script type=\"application\/ld+json\" class=\"yoast-schema-graph\">{\"@context\":\"https:\\\/\\\/schema.org\",\"@graph\":[{\"@type\":\"WebPage\",\"@id\":\"https:\\\/\\\/macomcenter.com.br\\\/novo\\\/produto\\\/liv-grau-1-da-maconaria-aprendiz-macom\\\/\",\"url\":\"https:\\\/\\\/macomcenter.com.br\\\/novo\\\/produto\\\/liv-grau-1-da-maconaria-aprendiz-macom\\\/\",\"name\":\"LIV - Grau 1 da Ma\u00e7onaria: Aprendiz Ma\u00e7om - Ma\u00e7om Center\",\"isPartOf\":{\"@id\":\"https:\\\/\\\/macomcenter.com.br\\\/novo\\\/#website\"},\"primaryImageOfPage\":{\"@id\":\"https:\\\/\\\/macomcenter.com.br\\\/novo\\\/produto\\\/liv-grau-1-da-maconaria-aprendiz-macom\\\/#primaryimage\"},\"image\":{\"@id\":\"https:\\\/\\\/macomcenter.com.br\\\/novo\\\/produto\\\/liv-grau-1-da-maconaria-aprendiz-macom\\\/#primaryimage\"},\"thumbnailUrl\":\"https:\\\/\\\/macomcenter.com.br\\\/novo\\\/wp-content\\\/uploads\\\/2026\\\/02\\\/Grau-1-da-Maconaria-f.png\",\"datePublished\":\"2026-02-06T21:05:21+00:00\",\"dateModified\":\"2026-02-06T21:05:22+00:00\",\"description\":\"LIV - Grau 1 da Ma\u00e7onaria: Aprendiz Ma\u00e7om\",\"breadcrumb\":{\"@id\":\"https:\\\/\\\/macomcenter.com.br\\\/novo\\\/produto\\\/liv-grau-1-da-maconaria-aprendiz-macom\\\/#breadcrumb\"},\"inLanguage\":\"pt-BR\",\"potentialAction\":[{\"@type\":\"ReadAction\",\"target\":[\"https:\\\/\\\/macomcenter.com.br\\\/novo\\\/produto\\\/liv-grau-1-da-maconaria-aprendiz-macom\\\/\"]}]},{\"@type\":\"ImageObject\",\"inLanguage\":\"pt-BR\",\"@id\":\"https:\\\/\\\/macomcenter.com.br\\\/novo\\\/produto\\\/liv-grau-1-da-maconaria-aprendiz-macom\\\/#primaryimage\",\"url\":\"https:\\\/\\\/macomcenter.com.br\\\/novo\\\/wp-content\\\/uploads\\\/2026\\\/02\\\/Grau-1-da-Maconaria-f.png\",\"contentUrl\":\"https:\\\/\\\/macomcenter.com.br\\\/novo\\\/wp-content\\\/uploads\\\/2026\\\/02\\\/Grau-1-da-Maconaria-f.png\",\"width\":1544,\"height\":1544},{\"@type\":\"BreadcrumbList\",\"@id\":\"https:\\\/\\\/macomcenter.com.br\\\/novo\\\/produto\\\/liv-grau-1-da-maconaria-aprendiz-macom\\\/#breadcrumb\",\"itemListElement\":[{\"@type\":\"ListItem\",\"position\":1,\"name\":\"In\u00edcio\",\"item\":\"https:\\\/\\\/macomcenter.com.br\\\/novo\\\/\"},{\"@type\":\"ListItem\",\"position\":2,\"name\":\"Produtos\",\"item\":\"https:\\\/\\\/macomcenter.com.br\\\/novo\\\/shop\\\/\"},{\"@type\":\"ListItem\",\"position\":3,\"name\":\"LIV &#8211; Grau 1 da Ma\u00e7onaria: Aprendiz Ma\u00e7om\"}]},{\"@type\":\"WebSite\",\"@id\":\"https:\\\/\\\/macomcenter.com.br\\\/novo\\\/#website\",\"url\":\"https:\\\/\\\/macomcenter.com.br\\\/novo\\\/\",\"name\":\"Ma\u00e7om Center\",\"description\":\"A melhor loja virtual para Ma\u00e7ons\",\"potentialAction\":[{\"@type\":\"SearchAction\",\"target\":{\"@type\":\"EntryPoint\",\"urlTemplate\":\"https:\\\/\\\/macomcenter.com.br\\\/novo\\\/?s={search_term_string}\"},\"query-input\":{\"@type\":\"PropertyValueSpecification\",\"valueRequired\":true,\"valueName\":\"search_term_string\"}}],\"inLanguage\":\"pt-BR\"}]}<\/script>\n<!-- \/ Yoast SEO plugin. -->","yoast_head_json":{"title":"LIV - Grau 1 da Ma\u00e7onaria: Aprendiz Ma\u00e7om - Ma\u00e7om Center","description":"LIV - Grau 1 da Ma\u00e7onaria: Aprendiz Ma\u00e7om","robots":{"index":"index","follow":"follow","max-snippet":"max-snippet:-1","max-image-preview":"max-image-preview:large","max-video-preview":"max-video-preview:-1"},"canonical":"https:\/\/macomcenter.com.br\/novo\/produto\/liv-grau-1-da-maconaria-aprendiz-macom\/","og_locale":"pt_BR","og_type":"article","og_title":"LIV - Grau 1 da Ma\u00e7onaria: Aprendiz Ma\u00e7om - Ma\u00e7om Center","og_description":"LIV - Grau 1 da Ma\u00e7onaria: Aprendiz Ma\u00e7om","og_url":"https:\/\/macomcenter.com.br\/novo\/produto\/liv-grau-1-da-maconaria-aprendiz-macom\/","og_site_name":"Ma\u00e7om Center","article_modified_time":"2026-02-06T21:05:22+00:00","og_image":[{"width":1544,"height":1544,"url":"https:\/\/macomcenter.com.br\/novo\/wp-content\/uploads\/2026\/02\/Grau-1-da-Maconaria-f.png","type":"image\/png"}],"twitter_card":"summary_large_image","twitter_misc":{"Est. tempo de leitura":"2 minutos"},"schema":{"@context":"https:\/\/schema.org","@graph":[{"@type":"WebPage","@id":"https:\/\/macomcenter.com.br\/novo\/produto\/liv-grau-1-da-maconaria-aprendiz-macom\/","url":"https:\/\/macomcenter.com.br\/novo\/produto\/liv-grau-1-da-maconaria-aprendiz-macom\/","name":"LIV - Grau 1 da Ma\u00e7onaria: Aprendiz Ma\u00e7om - Ma\u00e7om Center","isPartOf":{"@id":"https:\/\/macomcenter.com.br\/novo\/#website"},"primaryImageOfPage":{"@id":"https:\/\/macomcenter.com.br\/novo\/produto\/liv-grau-1-da-maconaria-aprendiz-macom\/#primaryimage"},"image":{"@id":"https:\/\/macomcenter.com.br\/novo\/produto\/liv-grau-1-da-maconaria-aprendiz-macom\/#primaryimage"},"thumbnailUrl":"https:\/\/macomcenter.com.br\/novo\/wp-content\/uploads\/2026\/02\/Grau-1-da-Maconaria-f.png","datePublished":"2026-02-06T21:05:21+00:00","dateModified":"2026-02-06T21:05:22+00:00","description":"LIV - Grau 1 da Ma\u00e7onaria: Aprendiz Ma\u00e7om","breadcrumb":{"@id":"https:\/\/macomcenter.com.br\/novo\/produto\/liv-grau-1-da-maconaria-aprendiz-macom\/#breadcrumb"},"inLanguage":"pt-BR","potentialAction":[{"@type":"ReadAction","target":["https:\/\/macomcenter.com.br\/novo\/produto\/liv-grau-1-da-maconaria-aprendiz-macom\/"]}]},{"@type":"ImageObject","inLanguage":"pt-BR","@id":"https:\/\/macomcenter.com.br\/novo\/produto\/liv-grau-1-da-maconaria-aprendiz-macom\/#primaryimage","url":"https:\/\/macomcenter.com.br\/novo\/wp-content\/uploads\/2026\/02\/Grau-1-da-Maconaria-f.png","contentUrl":"https:\/\/macomcenter.com.br\/novo\/wp-content\/uploads\/2026\/02\/Grau-1-da-Maconaria-f.png","width":1544,"height":1544},{"@type":"BreadcrumbList","@id":"https:\/\/macomcenter.com.br\/novo\/produto\/liv-grau-1-da-maconaria-aprendiz-macom\/#breadcrumb","itemListElement":[{"@type":"ListItem","position":1,"name":"In\u00edcio","item":"https:\/\/macomcenter.com.br\/novo\/"},{"@type":"ListItem","position":2,"name":"Produtos","item":"https:\/\/macomcenter.com.br\/novo\/shop\/"},{"@type":"ListItem","position":3,"name":"LIV &#8211; Grau 1 da Ma\u00e7onaria: Aprendiz Ma\u00e7om"}]},{"@type":"WebSite","@id":"https:\/\/macomcenter.com.br\/novo\/#website","url":"https:\/\/macomcenter.com.br\/novo\/","name":"Ma\u00e7om Center","description":"A melhor loja virtual para Ma\u00e7ons","potentialAction":[{"@type":"SearchAction","target":{"@type":"EntryPoint","urlTemplate":"https:\/\/macomcenter.com.br\/novo\/?s={search_term_string}"},"query-input":{"@type":"PropertyValueSpecification","valueRequired":true,"valueName":"search_term_string"}}],"inLanguage":"pt-BR"}]}},"_links":{"self":[{"href":"https:\/\/macomcenter.com.br\/novo\/wp-json\/wp\/v2\/product\/2634","targetHints":{"allow":["GET"]}}],"collection":[{"href":"https:\/\/macomcenter.com.br\/novo\/wp-json\/wp\/v2\/product"}],"about":[{"href":"https:\/\/macomcenter.com.br\/novo\/wp-json\/wp\/v2\/types\/product"}],"replies":[{"embeddable":true,"href":"https:\/\/macomcenter.com.br\/novo\/wp-json\/wp\/v2\/comments?post=2634"}],"wp:featuredmedia":[{"embeddable":true,"href":"https:\/\/macomcenter.com.br\/novo\/wp-json\/wp\/v2\/media\/2635"}],"wp:attachment":[{"href":"https:\/\/macomcenter.com.br\/novo\/wp-json\/wp\/v2\/media?parent=2634"}],"wp:term":[{"taxonomy":"product_brand","embeddable":true,"href":"https:\/\/macomcenter.com.br\/novo\/wp-json\/wp\/v2\/product_brand?post=2634"},{"taxonomy":"product_cat","embeddable":true,"href":"https:\/\/macomcenter.com.br\/novo\/wp-json\/wp\/v2\/product_cat?post=2634"},{"taxonomy":"product_tag","embeddable":true,"href":"https:\/\/macomcenter.com.br\/novo\/wp-json\/wp\/v2\/product_tag?post=2634"}],"curies":[{"name":"wp","href":"https:\/\/api.w.org\/{rel}","templated":true}]}}