{"id":2628,"date":"2026-02-06T20:53:04","date_gmt":"2026-02-06T20:53:04","guid":{"rendered":"https:\/\/macomcenter.com.br\/novo\/?post_type=product&#038;p=2628"},"modified":"2026-02-06T20:53:52","modified_gmt":"2026-02-06T20:53:52","slug":"liv-esoterismo-y-exoterismo-ritualista-en-reaa","status":"publish","type":"product","link":"https:\/\/macomcenter.com.br\/novo\/produto\/liv-esoterismo-y-exoterismo-ritualista-en-reaa\/","title":{"rendered":"LIV &#8211; Esoterismo Y Exoterismo Ritualista en REAA (Espanhol)"},"content":{"rendered":"<div class=\"Y3BBE\" data-sfc-cp=\"\" data-hveid=\"CAEQAA\" data-processed=\"true\">&#8220;Esoterismo e Exoterismo Ritual\u00edstico no REAA&#8221;, de Luiz Felipe C\u00e2mara Botelho,\u00a0<mark class=\"HxTRcb\">analisa a complexidade da ritual\u00edstica ma\u00e7\u00f4nica no\u00a0<span data-wiz-uids=\"mTVKc_c\"><a class=\"GI370e\" href=\"https:\/\/www.google.com\/search?q=Rito+Escoc%C3%AAs+Antigo+e+Aceito&amp;sca_esv=c552f29483bb25be&amp;biw=1242&amp;bih=552&amp;sxsrf=ANbL-n4opWcQMQGK9wuAJ70nONYIyN6COQ%3A1770410220576&amp;ei=7FCGac3jIprQ1sQPw-TZYA&amp;ved=2ahUKEwjZqt_i3cWSAxV5p5UCHcgxO04QgK4QegQIARAC&amp;uact=5&amp;oq=sinopse+livro+Esoterismo+e+Exoterismo+Ritual%C3%ADstico+no+REAA&amp;gs_lp=Egxnd3Mtd2l6LXNlcnAiO3Npbm9wc2UgbGl2cm8gRXNvdGVyaXNtbyBlIEV4b3RlcmlzbW8gUml0dWFsw61zdGljbyBubyBSRUFBMgUQABjvBTIFEAAY7wUyCBAAGIAEGKIEMgUQABjvBTIFEAAY7wVI2ztQxDRYxDRwBHgBkAEAmAH1AaAB9QGqAQMyLTG4AQPIAQD4AQL4AQGYAgWgAuMCwgIKEAAYsAMY1gQYR5gDAIgGAZAGCJIHBTQuMC4xoAfxA7IHAzItMbgHhQLCBwczLTQuMC4xyAdTgAgA&amp;sclient=gws-wiz-serp&amp;mstk=AUtExfAIXMOsNK6LQA25AoBW8yRUluw8KBavYDFK34VtJRXbqaukjTrM-3AkhAIysD3jjvD-QbmrS3YgvujKLLbKOb1Yrk_HOolORIi8c55wGPJAkjC8RLm9qXw791WUND9FyFeiWSap1fti6XoPqew8zesNFKCb5edfSDuCbnkWIl4fh7xL7mzuaA9WsPf4guucodNi9LZ_vEDxzrt8NhnFqbn5HEo09CmeQ91cMRNCDPxrb_CHt_h0TtvEl1EiCQ3gKpbKMCQIz6_Jew_F1Pu0ULaKQ8rZt0956vNQqp-TDj0yTg&amp;csui=3\" data-ved=\"2ahUKEwjZqt_i3cWSAxV5p5UCHcgxO04QgK4QegQIARAC\" data-hveid=\"CAEQAg\">Rito Escoc\u00eas Antigo e Aceito<\/a><\/span>\u00a0(REAA). A obra explora como os rituais n\u00e3o s\u00e3o apenas regras externas (exoterismo), mas ve\u00edculos para o conhecimento oculto e a experi\u00eancia inici\u00e1tica (esoterismo)<\/mark>.<span class=\"uJ19be notranslate\" data-wiz-uids=\"mTVKc_e,mTVKc_f\"><span class=\"vKEkVd\" data-animation-atomic=\"\" data-wiz-attrbind=\"class=mTVKc_d\/TKHnVd\"><span aria-hidden=\"true\">\u00a0<\/span><button class=\"rBl3me\" tabindex=\"0\" data-amic=\"true\" data-icl-uuid=\"06adb6d3-d267-4541-8bc6-a12db292f0df\" aria-label=\"Mostrar links relacionados\" data-wiz-attrbind=\"disabled=mTVKc_d\/C5gNJc;aria-label=mTVKc_d\/bOjMyf;class=mTVKc_d\/UpSNec\" data-ved=\"2ahUKEwjZqt_i3cWSAxV5p5UCHcgxO04Qye0OegQIARAD\"><\/button><\/span><\/span><\/div>\n<div class=\"Y3BBE\" data-sfc-cp=\"\" data-hveid=\"CAIQAA\" data-processed=\"true\"><strong class=\"Yjhzub\">Pontos principais do livro:<\/strong><button class=\"rBl3me\" tabindex=\"0\" data-amic=\"true\" data-icl-uuid=\"d3946e1d-f72c-48ea-9788-c62e61f4cf32\" aria-label=\"Mostrar links relacionados\" data-wiz-attrbind=\"disabled=mTVKc_l\/C5gNJc;aria-label=mTVKc_l\/bOjMyf;class=mTVKc_l\/UpSNec\" data-ved=\"2ahUKEwjZqt_i3cWSAxV5p5UCHcgxO04Qye0OegQIAhAB\"><\/button><\/div>\n<ul class=\"KsbFXc U6u95\" data-processed=\"true\">\n<li data-hveid=\"CAMQAA\"><span class=\"T286Pc\" data-sfc-cp=\"\"><strong class=\"Yjhzub\">Defini\u00e7\u00e3o Ritual\u00edstica:<\/strong>\u00a0Aborda a ritual\u00edstica como conjunto de tradi\u00e7\u00f5es, normas, usos e costumes ma\u00e7\u00f4nicos.<\/span><\/li>\n<li data-hveid=\"CAMQAQ\"><span class=\"T286Pc\" data-sfc-cp=\"\"><strong class=\"Yjhzub\"><span data-wiz-uids=\"mTVKc_w\"><a class=\"GI370e\" href=\"https:\/\/www.google.com\/search?q=Esoterismo+vs.+Exoterismo&amp;sca_esv=c552f29483bb25be&amp;biw=1242&amp;bih=552&amp;sxsrf=ANbL-n4opWcQMQGK9wuAJ70nONYIyN6COQ%3A1770410220576&amp;ei=7FCGac3jIprQ1sQPw-TZYA&amp;ved=2ahUKEwjZqt_i3cWSAxV5p5UCHcgxO04QgK4QegQIAxAC&amp;uact=5&amp;oq=sinopse+livro+Esoterismo+e+Exoterismo+Ritual%C3%ADstico+no+REAA&amp;gs_lp=Egxnd3Mtd2l6LXNlcnAiO3Npbm9wc2UgbGl2cm8gRXNvdGVyaXNtbyBlIEV4b3RlcmlzbW8gUml0dWFsw61zdGljbyBubyBSRUFBMgUQABjvBTIFEAAY7wUyCBAAGIAEGKIEMgUQABjvBTIFEAAY7wVI2ztQxDRYxDRwBHgBkAEAmAH1AaAB9QGqAQMyLTG4AQPIAQD4AQL4AQGYAgWgAuMCwgIKEAAYsAMY1gQYR5gDAIgGAZAGCJIHBTQuMC4xoAfxA7IHAzItMbgHhQLCBwczLTQuMC4xyAdTgAgA&amp;sclient=gws-wiz-serp&amp;mstk=AUtExfAIXMOsNK6LQA25AoBW8yRUluw8KBavYDFK34VtJRXbqaukjTrM-3AkhAIysD3jjvD-QbmrS3YgvujKLLbKOb1Yrk_HOolORIi8c55wGPJAkjC8RLm9qXw791WUND9FyFeiWSap1fti6XoPqew8zesNFKCb5edfSDuCbnkWIl4fh7xL7mzuaA9WsPf4guucodNi9LZ_vEDxzrt8NhnFqbn5HEo09CmeQ91cMRNCDPxrb_CHt_h0TtvEl1EiCQ3gKpbKMCQIz6_Jew_F1Pu0ULaKQ8rZt0956vNQqp-TDj0yTg&amp;csui=3\" data-ved=\"2ahUKEwjZqt_i3cWSAxV5p5UCHcgxO04QgK4QegQIAxAC\" data-hveid=\"CAMQAg\">Esoterismo vs. Exoterismo<\/a><\/span>:<\/strong>\u00a0Diferencia o conhecimento &#8220;exot\u00e9rico&#8221; (p\u00fablico\/vis\u00edvel) do &#8220;esot\u00e9rico&#8221; (inici\u00e1tico\/oculto) dentro da viv\u00eancia ritual\u00edstica.<\/span><\/li>\n<li data-hveid=\"CAMQAw\"><span class=\"T286Pc\" data-sfc-cp=\"\"><strong class=\"Yjhzub\">Foco no REAA:<\/strong>\u00a0O autor investiga como o REAA utiliza s\u00edmbolos e rituais para aprimoramento interno e compreens\u00e3o profunda dos mist\u00e9rios.<\/span><\/li>\n<li data-hveid=\"CAMQBA\"><span class=\"T286Pc\" data-sfc-cp=\"\"><strong class=\"Yjhzub\">Publica\u00e7\u00e3o:<\/strong> Trata-se de uma obra de 196 p\u00e1ginas, lan\u00e7ada pelo Clube de Autores em 2024.<\/span><span class=\"uJ19be notranslate\" data-wiz-uids=\"mTVKc_14,mTVKc_15\"><span class=\"vKEkVd\" data-animation-atomic=\"\" data-wiz-attrbind=\"class=mTVKc_13\/TKHnVd\"><span aria-hidden=\"true\">\u00a0<\/span><button class=\"rBl3me\" tabindex=\"0\" data-amic=\"true\" data-icl-uuid=\"72833171-8775-422d-86e9-1e1cf755687c\" aria-label=\"Mostrar links relacionados\" data-wiz-attrbind=\"disabled=mTVKc_13\/C5gNJc;aria-label=mTVKc_13\/bOjMyf;class=mTVKc_13\/UpSNec\" data-ved=\"2ahUKEwjZqt_i3cWSAxV5p5UCHcgxO04Qye0OegQIAxAF\"><\/button><\/span><\/span><\/li>\n<\/ul>\n<div class=\"Y3BBE\" data-sfc-cp=\"\" data-hveid=\"CAQQAA\" data-processed=\"true\">O livro \u00e9 voltado a iniciados que buscam aprofundar o entendimento sobre a pr\u00e1tica ritual\u00edstica.<\/div>\n","protected":false},"excerpt":{"rendered":"<p>196 p\u00e1g<\/p>\n","protected":false},"featured_media":2629,"comment_status":"open","ping_status":"closed","template":"","meta":{"site-sidebar-layout":"default","site-content-layout":"","ast-site-content-layout":"default","site-content-style":"default","site-sidebar-style":"default","ast-global-header-display":"","ast-banner-title-visibility":"","ast-main-header-display":"","ast-hfb-above-header-display":"","ast-hfb-below-header-display":"","ast-hfb-mobile-header-display":"","site-post-title":"","ast-breadcrumbs-content":"","ast-featured-img":"","footer-sml-layout":"","ast-disable-related-posts":"","theme-transparent-header-meta":"default","adv-header-id-meta":"","stick-header-meta":"","header-above-stick-meta":"","header-main-stick-meta":"","header-below-stick-meta":"","astra-migrate-meta-layouts":"set","ast-page-background-enabled":"default","ast-page-background-meta":{"desktop":{"background-color":"var(--ast-global-color-5)","background-image":"","background-repeat":"repeat","background-position":"center center","background-size":"auto","background-attachment":"scroll","background-type":"","background-media":"","overlay-type":"","overlay-color":"","overlay-opacity":"","overlay-gradient":""},"tablet":{"background-color":"","background-image":"","background-repeat":"repeat","background-position":"center center","background-size":"auto","background-attachment":"scroll","background-type":"","background-media":"","overlay-type":"","overlay-color":"","overlay-opacity":"","overlay-gradient":""},"mobile":{"background-color":"","background-image":"","background-repeat":"repeat","background-position":"center center","background-size":"auto","background-attachment":"scroll","background-type":"","background-media":"","overlay-type":"","overlay-color":"","overlay-opacity":"","overlay-gradient":""}},"ast-content-background-meta":{"desktop":{"background-color":"var(--ast-global-color-4)","background-image":"","background-repeat":"repeat","background-position":"center center","background-size":"auto","background-attachment":"scroll","background-type":"","background-media":"","overlay-type":"","overlay-color":"","overlay-opacity":"","overlay-gradient":""},"tablet":{"background-color":"var(--ast-global-color-4)","background-image":"","background-repeat":"repeat","background-position":"center center","background-size":"auto","background-attachment":"scroll","background-type":"","background-media":"","overlay-type":"","overlay-color":"","overlay-opacity":"","overlay-gradient":""},"mobile":{"background-color":"var(--ast-global-color-4)","background-image":"","background-repeat":"repeat","background-position":"center center","background-size":"auto","background-attachment":"scroll","background-type":"","background-media":"","overlay-type":"","overlay-color":"","overlay-opacity":"","overlay-gradient":""}}},"product_brand":[],"product_cat":[40],"product_tag":[],"class_list":{"0":"post-2628","1":"product","2":"type-product","3":"status-publish","4":"has-post-thumbnail","6":"product_cat-livros","7":"desktop-align-center","8":"tablet-align-left","9":"mobile-align-left","11":"first","12":"instock","13":"shipping-taxable","14":"purchasable","15":"product-type-simple"},"yoast_head":"<!-- This site is optimized with the Yoast SEO plugin v27.5 - https:\/\/yoast.com\/product\/yoast-seo-wordpress\/ -->\n<title>LIV - Esoterismo Y Exoterismo Ritualista en REAA (Espanhol) - Ma\u00e7om Center<\/title>\n<meta name=\"description\" content=\"LIV - Esoterismo Y Exoterismo Ritualista en REAA\" \/>\n<meta name=\"robots\" content=\"index, follow, max-snippet:-1, max-image-preview:large, max-video-preview:-1\" \/>\n<link rel=\"canonical\" href=\"https:\/\/macomcenter.com.br\/novo\/produto\/liv-esoterismo-y-exoterismo-ritualista-en-reaa\/\" \/>\n<meta property=\"og:locale\" content=\"pt_BR\" \/>\n<meta property=\"og:type\" content=\"article\" \/>\n<meta property=\"og:title\" content=\"LIV - Esoterismo Y Exoterismo Ritualista en REAA (Espanhol) - Ma\u00e7om Center\" \/>\n<meta property=\"og:description\" content=\"LIV - Esoterismo Y Exoterismo Ritualista en REAA\" \/>\n<meta property=\"og:url\" content=\"https:\/\/macomcenter.com.br\/novo\/produto\/liv-esoterismo-y-exoterismo-ritualista-en-reaa\/\" \/>\n<meta property=\"og:site_name\" content=\"Ma\u00e7om Center\" \/>\n<meta property=\"article:modified_time\" content=\"2026-02-06T20:53:52+00:00\" \/>\n<meta property=\"og:image\" content=\"https:\/\/macomcenter.com.br\/novo\/wp-content\/uploads\/2026\/02\/Exoterismo-e-Esoterismo-Ritualistico-no-REAA-Espanhol-f.png\" \/>\n\t<meta property=\"og:image:width\" content=\"1544\" \/>\n\t<meta property=\"og:image:height\" content=\"1544\" \/>\n\t<meta property=\"og:image:type\" content=\"image\/png\" \/>\n<meta name=\"twitter:card\" content=\"summary_large_image\" \/>\n<meta name=\"twitter:label1\" content=\"Est. tempo de leitura\" \/>\n\t<meta name=\"twitter:data1\" content=\"1 minuto\" \/>\n<script type=\"application\/ld+json\" class=\"yoast-schema-graph\">{\"@context\":\"https:\\\/\\\/schema.org\",\"@graph\":[{\"@type\":\"WebPage\",\"@id\":\"https:\\\/\\\/macomcenter.com.br\\\/novo\\\/produto\\\/liv-esoterismo-y-exoterismo-ritualista-en-reaa\\\/\",\"url\":\"https:\\\/\\\/macomcenter.com.br\\\/novo\\\/produto\\\/liv-esoterismo-y-exoterismo-ritualista-en-reaa\\\/\",\"name\":\"LIV - Esoterismo Y Exoterismo Ritualista en REAA (Espanhol) - Ma\u00e7om Center\",\"isPartOf\":{\"@id\":\"https:\\\/\\\/macomcenter.com.br\\\/novo\\\/#website\"},\"primaryImageOfPage\":{\"@id\":\"https:\\\/\\\/macomcenter.com.br\\\/novo\\\/produto\\\/liv-esoterismo-y-exoterismo-ritualista-en-reaa\\\/#primaryimage\"},\"image\":{\"@id\":\"https:\\\/\\\/macomcenter.com.br\\\/novo\\\/produto\\\/liv-esoterismo-y-exoterismo-ritualista-en-reaa\\\/#primaryimage\"},\"thumbnailUrl\":\"https:\\\/\\\/macomcenter.com.br\\\/novo\\\/wp-content\\\/uploads\\\/2026\\\/02\\\/Exoterismo-e-Esoterismo-Ritualistico-no-REAA-Espanhol-f.png\",\"datePublished\":\"2026-02-06T20:53:04+00:00\",\"dateModified\":\"2026-02-06T20:53:52+00:00\",\"description\":\"LIV - Esoterismo Y Exoterismo Ritualista en REAA\",\"breadcrumb\":{\"@id\":\"https:\\\/\\\/macomcenter.com.br\\\/novo\\\/produto\\\/liv-esoterismo-y-exoterismo-ritualista-en-reaa\\\/#breadcrumb\"},\"inLanguage\":\"pt-BR\",\"potentialAction\":[{\"@type\":\"ReadAction\",\"target\":[\"https:\\\/\\\/macomcenter.com.br\\\/novo\\\/produto\\\/liv-esoterismo-y-exoterismo-ritualista-en-reaa\\\/\"]}]},{\"@type\":\"ImageObject\",\"inLanguage\":\"pt-BR\",\"@id\":\"https:\\\/\\\/macomcenter.com.br\\\/novo\\\/produto\\\/liv-esoterismo-y-exoterismo-ritualista-en-reaa\\\/#primaryimage\",\"url\":\"https:\\\/\\\/macomcenter.com.br\\\/novo\\\/wp-content\\\/uploads\\\/2026\\\/02\\\/Exoterismo-e-Esoterismo-Ritualistico-no-REAA-Espanhol-f.png\",\"contentUrl\":\"https:\\\/\\\/macomcenter.com.br\\\/novo\\\/wp-content\\\/uploads\\\/2026\\\/02\\\/Exoterismo-e-Esoterismo-Ritualistico-no-REAA-Espanhol-f.png\",\"width\":1544,\"height\":1544},{\"@type\":\"BreadcrumbList\",\"@id\":\"https:\\\/\\\/macomcenter.com.br\\\/novo\\\/produto\\\/liv-esoterismo-y-exoterismo-ritualista-en-reaa\\\/#breadcrumb\",\"itemListElement\":[{\"@type\":\"ListItem\",\"position\":1,\"name\":\"In\u00edcio\",\"item\":\"https:\\\/\\\/macomcenter.com.br\\\/novo\\\/\"},{\"@type\":\"ListItem\",\"position\":2,\"name\":\"Produtos\",\"item\":\"https:\\\/\\\/macomcenter.com.br\\\/novo\\\/shop\\\/\"},{\"@type\":\"ListItem\",\"position\":3,\"name\":\"LIV &#8211; Esoterismo Y Exoterismo Ritualista en REAA (Espanhol)\"}]},{\"@type\":\"WebSite\",\"@id\":\"https:\\\/\\\/macomcenter.com.br\\\/novo\\\/#website\",\"url\":\"https:\\\/\\\/macomcenter.com.br\\\/novo\\\/\",\"name\":\"Ma\u00e7om Center\",\"description\":\"A melhor loja virtual para Ma\u00e7ons\",\"potentialAction\":[{\"@type\":\"SearchAction\",\"target\":{\"@type\":\"EntryPoint\",\"urlTemplate\":\"https:\\\/\\\/macomcenter.com.br\\\/novo\\\/?s={search_term_string}\"},\"query-input\":{\"@type\":\"PropertyValueSpecification\",\"valueRequired\":true,\"valueName\":\"search_term_string\"}}],\"inLanguage\":\"pt-BR\"}]}<\/script>\n<!-- \/ Yoast SEO plugin. -->","yoast_head_json":{"title":"LIV - Esoterismo Y Exoterismo Ritualista en REAA (Espanhol) - Ma\u00e7om Center","description":"LIV - Esoterismo Y Exoterismo Ritualista en REAA","robots":{"index":"index","follow":"follow","max-snippet":"max-snippet:-1","max-image-preview":"max-image-preview:large","max-video-preview":"max-video-preview:-1"},"canonical":"https:\/\/macomcenter.com.br\/novo\/produto\/liv-esoterismo-y-exoterismo-ritualista-en-reaa\/","og_locale":"pt_BR","og_type":"article","og_title":"LIV - Esoterismo Y Exoterismo Ritualista en REAA (Espanhol) - Ma\u00e7om Center","og_description":"LIV - Esoterismo Y Exoterismo Ritualista en REAA","og_url":"https:\/\/macomcenter.com.br\/novo\/produto\/liv-esoterismo-y-exoterismo-ritualista-en-reaa\/","og_site_name":"Ma\u00e7om Center","article_modified_time":"2026-02-06T20:53:52+00:00","og_image":[{"width":1544,"height":1544,"url":"https:\/\/macomcenter.com.br\/novo\/wp-content\/uploads\/2026\/02\/Exoterismo-e-Esoterismo-Ritualistico-no-REAA-Espanhol-f.png","type":"image\/png"}],"twitter_card":"summary_large_image","twitter_misc":{"Est. tempo de leitura":"1 minuto"},"schema":{"@context":"https:\/\/schema.org","@graph":[{"@type":"WebPage","@id":"https:\/\/macomcenter.com.br\/novo\/produto\/liv-esoterismo-y-exoterismo-ritualista-en-reaa\/","url":"https:\/\/macomcenter.com.br\/novo\/produto\/liv-esoterismo-y-exoterismo-ritualista-en-reaa\/","name":"LIV - Esoterismo Y Exoterismo Ritualista en REAA (Espanhol) - Ma\u00e7om Center","isPartOf":{"@id":"https:\/\/macomcenter.com.br\/novo\/#website"},"primaryImageOfPage":{"@id":"https:\/\/macomcenter.com.br\/novo\/produto\/liv-esoterismo-y-exoterismo-ritualista-en-reaa\/#primaryimage"},"image":{"@id":"https:\/\/macomcenter.com.br\/novo\/produto\/liv-esoterismo-y-exoterismo-ritualista-en-reaa\/#primaryimage"},"thumbnailUrl":"https:\/\/macomcenter.com.br\/novo\/wp-content\/uploads\/2026\/02\/Exoterismo-e-Esoterismo-Ritualistico-no-REAA-Espanhol-f.png","datePublished":"2026-02-06T20:53:04+00:00","dateModified":"2026-02-06T20:53:52+00:00","description":"LIV - Esoterismo Y Exoterismo Ritualista en REAA","breadcrumb":{"@id":"https:\/\/macomcenter.com.br\/novo\/produto\/liv-esoterismo-y-exoterismo-ritualista-en-reaa\/#breadcrumb"},"inLanguage":"pt-BR","potentialAction":[{"@type":"ReadAction","target":["https:\/\/macomcenter.com.br\/novo\/produto\/liv-esoterismo-y-exoterismo-ritualista-en-reaa\/"]}]},{"@type":"ImageObject","inLanguage":"pt-BR","@id":"https:\/\/macomcenter.com.br\/novo\/produto\/liv-esoterismo-y-exoterismo-ritualista-en-reaa\/#primaryimage","url":"https:\/\/macomcenter.com.br\/novo\/wp-content\/uploads\/2026\/02\/Exoterismo-e-Esoterismo-Ritualistico-no-REAA-Espanhol-f.png","contentUrl":"https:\/\/macomcenter.com.br\/novo\/wp-content\/uploads\/2026\/02\/Exoterismo-e-Esoterismo-Ritualistico-no-REAA-Espanhol-f.png","width":1544,"height":1544},{"@type":"BreadcrumbList","@id":"https:\/\/macomcenter.com.br\/novo\/produto\/liv-esoterismo-y-exoterismo-ritualista-en-reaa\/#breadcrumb","itemListElement":[{"@type":"ListItem","position":1,"name":"In\u00edcio","item":"https:\/\/macomcenter.com.br\/novo\/"},{"@type":"ListItem","position":2,"name":"Produtos","item":"https:\/\/macomcenter.com.br\/novo\/shop\/"},{"@type":"ListItem","position":3,"name":"LIV &#8211; Esoterismo Y Exoterismo Ritualista en REAA (Espanhol)"}]},{"@type":"WebSite","@id":"https:\/\/macomcenter.com.br\/novo\/#website","url":"https:\/\/macomcenter.com.br\/novo\/","name":"Ma\u00e7om Center","description":"A melhor loja virtual para Ma\u00e7ons","potentialAction":[{"@type":"SearchAction","target":{"@type":"EntryPoint","urlTemplate":"https:\/\/macomcenter.com.br\/novo\/?s={search_term_string}"},"query-input":{"@type":"PropertyValueSpecification","valueRequired":true,"valueName":"search_term_string"}}],"inLanguage":"pt-BR"}]}},"_links":{"self":[{"href":"https:\/\/macomcenter.com.br\/novo\/wp-json\/wp\/v2\/product\/2628","targetHints":{"allow":["GET"]}}],"collection":[{"href":"https:\/\/macomcenter.com.br\/novo\/wp-json\/wp\/v2\/product"}],"about":[{"href":"https:\/\/macomcenter.com.br\/novo\/wp-json\/wp\/v2\/types\/product"}],"replies":[{"embeddable":true,"href":"https:\/\/macomcenter.com.br\/novo\/wp-json\/wp\/v2\/comments?post=2628"}],"wp:featuredmedia":[{"embeddable":true,"href":"https:\/\/macomcenter.com.br\/novo\/wp-json\/wp\/v2\/media\/2629"}],"wp:attachment":[{"href":"https:\/\/macomcenter.com.br\/novo\/wp-json\/wp\/v2\/media?parent=2628"}],"wp:term":[{"taxonomy":"product_brand","embeddable":true,"href":"https:\/\/macomcenter.com.br\/novo\/wp-json\/wp\/v2\/product_brand?post=2628"},{"taxonomy":"product_cat","embeddable":true,"href":"https:\/\/macomcenter.com.br\/novo\/wp-json\/wp\/v2\/product_cat?post=2628"},{"taxonomy":"product_tag","embeddable":true,"href":"https:\/\/macomcenter.com.br\/novo\/wp-json\/wp\/v2\/product_tag?post=2628"}],"curies":[{"name":"wp","href":"https:\/\/api.w.org\/{rel}","templated":true}]}}