{"id":2618,"date":"2026-02-06T20:32:13","date_gmt":"2026-02-06T20:32:13","guid":{"rendered":"https:\/\/macomcenter.com.br\/novo\/?post_type=product&#038;p=2618"},"modified":"2026-02-06T20:32:14","modified_gmt":"2026-02-06T20:32:14","slug":"liv-maconaria-a-cabala-do-ocidente","status":"publish","type":"product","link":"https:\/\/macomcenter.com.br\/novo\/produto\/liv-maconaria-a-cabala-do-ocidente\/","title":{"rendered":"LIV &#8211; Ma\u00e7onaria: A Cabala do Ocidente"},"content":{"rendered":"<div class=\"Y3BBE\" data-sfc-cp=\"\" data-hveid=\"CAEQAA\" data-processed=\"true\">&#8220;Ma\u00e7onaria: A Cabala do Ocidente&#8221;, de\u00a0<span data-processed=\"true\"><a class=\"H23r4e\" href=\"https:\/\/www.lojadobode.com.br\/maconaria-a-cabala-do-ocidente\" target=\"_blank\" rel=\"noopener\" data-processed=\"true\">Jo\u00e3o Anatalino Rodrigues<\/a><\/span>,\u00a0<mark class=\"HxTRcb\" data-processed=\"true\">explora as rela\u00e7\u00f5es simbi\u00f3ticas entre a espiritualidade cabal\u00edstica e o simbolismo inici\u00e1tico ma\u00e7\u00f4nico, propondo uma &#8220;Cabala ocidental&#8221;<\/mark>. A obra une sabedoria ancestral, filosofia e, por vezes, vis\u00f5es da f\u00edsica qu\u00e2ntica\/neuroci\u00eancia para guiar o leitor \u00e0 sua Luz Interior e compreens\u00e3o da Estrela Flamejante.<span class=\"uJ19be notranslate\" data-wiz-uids=\"vtdNrd_d,vtdNrd_e\" data-processed=\"true\"><span class=\"vKEkVd\" data-animation-atomic=\"\" data-wiz-attrbind=\"class=vtdNrd_c\/TKHnVd\" data-processed=\"true\"><span aria-hidden=\"true\" data-processed=\"true\">\u00a0<\/span><button class=\"rBl3me\" tabindex=\"0\" data-amic=\"true\" data-icl-uuid=\"7c713f07-c74a-4763-bac8-8a5d158c588e\" aria-label=\"Mostrar links relacionados\" data-wiz-attrbind=\"disabled=vtdNrd_c\/C5gNJc;aria-label=vtdNrd_c\/bOjMyf;class=vtdNrd_c\/UpSNec\" data-ved=\"2ahUKEwiv-IfQ2sWSAxWurpUCHeNJAl0Qye0OegQIARAD\" data-processed=\"true\"><\/button><\/span><\/span><\/div>\n<div class=\"Y3BBE\" data-sfc-cp=\"\" data-hveid=\"CAIQAA\" data-processed=\"true\"><strong class=\"Yjhzub\" data-processed=\"true\">Principais Pontos:<\/strong><button class=\"rBl3me\" tabindex=\"0\" data-amic=\"true\" data-icl-uuid=\"ffbab287-12f9-4259-89fe-068d56deed41\" aria-label=\"Mostrar links relacionados\" data-wiz-attrbind=\"disabled=vtdNrd_j\/C5gNJc;aria-label=vtdNrd_j\/bOjMyf;class=vtdNrd_j\/UpSNec\" data-ved=\"2ahUKEwiv-IfQ2sWSAxWurpUCHeNJAl0Qye0OegQIAhAB\" data-processed=\"true\"><\/button><\/div>\n<ul class=\"KsbFXc U6u95\" data-processed=\"true\">\n<li data-hveid=\"CAMQAA\" data-processed=\"true\"><span class=\"T286Pc\" data-sfc-cp=\"\" data-processed=\"true\"><strong class=\"Yjhzub\" data-processed=\"true\">Conex\u00e3o Simb\u00f3lica:<\/strong>\u00a0Analisa como os conceitos da Cabala (interpreta\u00e7\u00e3o divina) influenciam os ritos e a estrutura da Ma\u00e7onaria.<\/span><\/li>\n<li data-hveid=\"CAMQAQ\" data-processed=\"true\"><span class=\"T286Pc\" data-sfc-cp=\"\" data-processed=\"true\"><strong class=\"Yjhzub\" data-processed=\"true\">Abordagem Filos\u00f3fica:<\/strong>\u00a0Foca no autoconhecimento e na compreens\u00e3o das leis espirituais que regem o universo e a mente.<\/span><\/li>\n<li data-hveid=\"CAMQAg\" data-processed=\"true\"><span class=\"T286Pc\" data-sfc-cp=\"\" data-processed=\"true\"><strong class=\"Yjhzub\" data-processed=\"true\">Autor:<\/strong>\u00a0Jo\u00e3o Anatalino Rodrigues, Ma\u00e7om Grau 33, especialista em filosofia ma\u00e7\u00f4nica, busca demonstrar como a ma\u00e7onaria funciona como uma &#8220;Confraria&#8221; que conecta energias simb\u00f3licas.<\/span><\/li>\n<li data-hveid=\"CAMQAw\" data-processed=\"true\"><span class=\"T286Pc\" data-sfc-cp=\"\" data-processed=\"true\"><strong class=\"Yjhzub\" data-processed=\"true\">Objetivo:<\/strong>\u00a0Proporcionar uma introdu\u00e7\u00e3o filos\u00f3fica \u00e0 uni\u00e3o entre o mundo f\u00edsico e a energia oculta na Ma\u00e7onaria.<\/span><span class=\"uJ19be notranslate\" data-wiz-uids=\"vtdNrd_10,vtdNrd_11\" data-processed=\"true\"><span class=\"vKEkVd\" data-animation-atomic=\"\" data-wiz-attrbind=\"class=vtdNrd_z\/TKHnVd\" data-processed=\"true\"><span aria-hidden=\"true\" data-processed=\"true\">\u00a0<\/span><button class=\"rBl3me\" tabindex=\"0\" data-amic=\"true\" data-icl-uuid=\"312803c6-9dcc-45f8-a1fe-3359ee313f17\" aria-label=\"Mostrar links relacionados\" data-wiz-attrbind=\"disabled=vtdNrd_z\/C5gNJc;aria-label=vtdNrd_z\/bOjMyf;class=vtdNrd_z\/UpSNec\" data-ved=\"2ahUKEwiv-IfQ2sWSAxWurpUCHeNJAl0Qye0OegQIAxAE\" data-processed=\"true\"><\/button><\/span><\/span><\/li>\n<\/ul>\n<div class=\"Y3BBE\" data-sfc-cp=\"\" data-hveid=\"CAQQAA\" data-processed=\"true\">O livro \u00e9 descrito como uma obra de introdu\u00e7\u00e3o filos\u00f3fica destinada a leitores interessados em espiritualidade e no ocultismo ocidental aplicado \u00e0 ma\u00e7onaria.<span class=\"uJ19be notranslate\" data-wiz-uids=\"vtdNrd_19,vtdNrd_1a\" data-processed=\"true\"><span class=\"vKEkVd\" data-animation-atomic=\"\" data-wiz-attrbind=\"class=vtdNrd_18\/TKHnVd\" data-processed=\"true\"><span aria-hidden=\"true\" data-processed=\"true\">\u00a0<\/span><\/span><\/span><\/div>\n","protected":false},"excerpt":{"rendered":"<p>286 p\u00e1g<\/p>\n","protected":false},"featured_media":2619,"comment_status":"open","ping_status":"closed","template":"","meta":{"site-sidebar-layout":"default","site-content-layout":"","ast-site-content-layout":"default","site-content-style":"default","site-sidebar-style":"default","ast-global-header-display":"","ast-banner-title-visibility":"","ast-main-header-display":"","ast-hfb-above-header-display":"","ast-hfb-below-header-display":"","ast-hfb-mobile-header-display":"","site-post-title":"","ast-breadcrumbs-content":"","ast-featured-img":"","footer-sml-layout":"","ast-disable-related-posts":"","theme-transparent-header-meta":"default","adv-header-id-meta":"","stick-header-meta":"","header-above-stick-meta":"","header-main-stick-meta":"","header-below-stick-meta":"","astra-migrate-meta-layouts":"set","ast-page-background-enabled":"default","ast-page-background-meta":{"desktop":{"background-color":"var(--ast-global-color-5)","background-image":"","background-repeat":"repeat","background-position":"center center","background-size":"auto","background-attachment":"scroll","background-type":"","background-media":"","overlay-type":"","overlay-color":"","overlay-opacity":"","overlay-gradient":""},"tablet":{"background-color":"","background-image":"","background-repeat":"repeat","background-position":"center center","background-size":"auto","background-attachment":"scroll","background-type":"","background-media":"","overlay-type":"","overlay-color":"","overlay-opacity":"","overlay-gradient":""},"mobile":{"background-color":"","background-image":"","background-repeat":"repeat","background-position":"center center","background-size":"auto","background-attachment":"scroll","background-type":"","background-media":"","overlay-type":"","overlay-color":"","overlay-opacity":"","overlay-gradient":""}},"ast-content-background-meta":{"desktop":{"background-color":"var(--ast-global-color-4)","background-image":"","background-repeat":"repeat","background-position":"center center","background-size":"auto","background-attachment":"scroll","background-type":"","background-media":"","overlay-type":"","overlay-color":"","overlay-opacity":"","overlay-gradient":""},"tablet":{"background-color":"var(--ast-global-color-4)","background-image":"","background-repeat":"repeat","background-position":"center center","background-size":"auto","background-attachment":"scroll","background-type":"","background-media":"","overlay-type":"","overlay-color":"","overlay-opacity":"","overlay-gradient":""},"mobile":{"background-color":"var(--ast-global-color-4)","background-image":"","background-repeat":"repeat","background-position":"center center","background-size":"auto","background-attachment":"scroll","background-type":"","background-media":"","overlay-type":"","overlay-color":"","overlay-opacity":"","overlay-gradient":""}}},"product_brand":[],"product_cat":[40],"product_tag":[],"class_list":{"0":"post-2618","1":"product","2":"type-product","3":"status-publish","4":"has-post-thumbnail","6":"product_cat-livros","7":"desktop-align-center","8":"tablet-align-left","9":"mobile-align-left","11":"first","12":"instock","13":"shipping-taxable","14":"purchasable","15":"product-type-simple"},"yoast_head":"<!-- This site is optimized with the Yoast SEO plugin v27.5 - https:\/\/yoast.com\/product\/yoast-seo-wordpress\/ -->\n<title>LIV - Ma\u00e7onaria: A Cabala do Ocidente - Ma\u00e7om Center<\/title>\n<meta name=\"description\" content=\"LIV - Ma\u00e7onaria: A Cabala do Ocidente\" \/>\n<meta name=\"robots\" content=\"index, follow, max-snippet:-1, max-image-preview:large, max-video-preview:-1\" \/>\n<link rel=\"canonical\" href=\"https:\/\/macomcenter.com.br\/novo\/produto\/liv-maconaria-a-cabala-do-ocidente\/\" \/>\n<meta property=\"og:locale\" content=\"pt_BR\" \/>\n<meta property=\"og:type\" content=\"article\" \/>\n<meta property=\"og:title\" content=\"LIV - Ma\u00e7onaria: A Cabala do Ocidente - Ma\u00e7om Center\" \/>\n<meta property=\"og:description\" content=\"LIV - Ma\u00e7onaria: A Cabala do Ocidente\" \/>\n<meta property=\"og:url\" content=\"https:\/\/macomcenter.com.br\/novo\/produto\/liv-maconaria-a-cabala-do-ocidente\/\" \/>\n<meta property=\"og:site_name\" content=\"Ma\u00e7om Center\" \/>\n<meta property=\"article:modified_time\" content=\"2026-02-06T20:32:14+00:00\" \/>\n<meta property=\"og:image\" content=\"https:\/\/macomcenter.com.br\/novo\/wp-content\/uploads\/2026\/02\/Maconaria-a-cabala-do-ocidente.png\" \/>\n\t<meta property=\"og:image:width\" content=\"1295\" \/>\n\t<meta property=\"og:image:height\" content=\"1295\" \/>\n\t<meta property=\"og:image:type\" content=\"image\/png\" \/>\n<meta name=\"twitter:card\" content=\"summary_large_image\" \/>\n<meta name=\"twitter:label1\" content=\"Est. tempo de leitura\" \/>\n\t<meta name=\"twitter:data1\" content=\"2 minutos\" \/>\n<script type=\"application\/ld+json\" class=\"yoast-schema-graph\">{\"@context\":\"https:\\\/\\\/schema.org\",\"@graph\":[{\"@type\":\"WebPage\",\"@id\":\"https:\\\/\\\/macomcenter.com.br\\\/novo\\\/produto\\\/liv-maconaria-a-cabala-do-ocidente\\\/\",\"url\":\"https:\\\/\\\/macomcenter.com.br\\\/novo\\\/produto\\\/liv-maconaria-a-cabala-do-ocidente\\\/\",\"name\":\"LIV - Ma\u00e7onaria: A Cabala do Ocidente - Ma\u00e7om Center\",\"isPartOf\":{\"@id\":\"https:\\\/\\\/macomcenter.com.br\\\/novo\\\/#website\"},\"primaryImageOfPage\":{\"@id\":\"https:\\\/\\\/macomcenter.com.br\\\/novo\\\/produto\\\/liv-maconaria-a-cabala-do-ocidente\\\/#primaryimage\"},\"image\":{\"@id\":\"https:\\\/\\\/macomcenter.com.br\\\/novo\\\/produto\\\/liv-maconaria-a-cabala-do-ocidente\\\/#primaryimage\"},\"thumbnailUrl\":\"https:\\\/\\\/macomcenter.com.br\\\/novo\\\/wp-content\\\/uploads\\\/2026\\\/02\\\/Maconaria-a-cabala-do-ocidente.png\",\"datePublished\":\"2026-02-06T20:32:13+00:00\",\"dateModified\":\"2026-02-06T20:32:14+00:00\",\"description\":\"LIV - Ma\u00e7onaria: A Cabala do Ocidente\",\"breadcrumb\":{\"@id\":\"https:\\\/\\\/macomcenter.com.br\\\/novo\\\/produto\\\/liv-maconaria-a-cabala-do-ocidente\\\/#breadcrumb\"},\"inLanguage\":\"pt-BR\",\"potentialAction\":[{\"@type\":\"ReadAction\",\"target\":[\"https:\\\/\\\/macomcenter.com.br\\\/novo\\\/produto\\\/liv-maconaria-a-cabala-do-ocidente\\\/\"]}]},{\"@type\":\"ImageObject\",\"inLanguage\":\"pt-BR\",\"@id\":\"https:\\\/\\\/macomcenter.com.br\\\/novo\\\/produto\\\/liv-maconaria-a-cabala-do-ocidente\\\/#primaryimage\",\"url\":\"https:\\\/\\\/macomcenter.com.br\\\/novo\\\/wp-content\\\/uploads\\\/2026\\\/02\\\/Maconaria-a-cabala-do-ocidente.png\",\"contentUrl\":\"https:\\\/\\\/macomcenter.com.br\\\/novo\\\/wp-content\\\/uploads\\\/2026\\\/02\\\/Maconaria-a-cabala-do-ocidente.png\",\"width\":1295,\"height\":1295},{\"@type\":\"BreadcrumbList\",\"@id\":\"https:\\\/\\\/macomcenter.com.br\\\/novo\\\/produto\\\/liv-maconaria-a-cabala-do-ocidente\\\/#breadcrumb\",\"itemListElement\":[{\"@type\":\"ListItem\",\"position\":1,\"name\":\"In\u00edcio\",\"item\":\"https:\\\/\\\/macomcenter.com.br\\\/novo\\\/\"},{\"@type\":\"ListItem\",\"position\":2,\"name\":\"Produtos\",\"item\":\"https:\\\/\\\/macomcenter.com.br\\\/novo\\\/shop\\\/\"},{\"@type\":\"ListItem\",\"position\":3,\"name\":\"LIV &#8211; Ma\u00e7onaria: A Cabala do Ocidente\"}]},{\"@type\":\"WebSite\",\"@id\":\"https:\\\/\\\/macomcenter.com.br\\\/novo\\\/#website\",\"url\":\"https:\\\/\\\/macomcenter.com.br\\\/novo\\\/\",\"name\":\"Ma\u00e7om Center\",\"description\":\"A melhor loja virtual para Ma\u00e7ons\",\"potentialAction\":[{\"@type\":\"SearchAction\",\"target\":{\"@type\":\"EntryPoint\",\"urlTemplate\":\"https:\\\/\\\/macomcenter.com.br\\\/novo\\\/?s={search_term_string}\"},\"query-input\":{\"@type\":\"PropertyValueSpecification\",\"valueRequired\":true,\"valueName\":\"search_term_string\"}}],\"inLanguage\":\"pt-BR\"}]}<\/script>\n<!-- \/ Yoast SEO plugin. -->","yoast_head_json":{"title":"LIV - Ma\u00e7onaria: A Cabala do Ocidente - Ma\u00e7om Center","description":"LIV - Ma\u00e7onaria: A Cabala do Ocidente","robots":{"index":"index","follow":"follow","max-snippet":"max-snippet:-1","max-image-preview":"max-image-preview:large","max-video-preview":"max-video-preview:-1"},"canonical":"https:\/\/macomcenter.com.br\/novo\/produto\/liv-maconaria-a-cabala-do-ocidente\/","og_locale":"pt_BR","og_type":"article","og_title":"LIV - Ma\u00e7onaria: A Cabala do Ocidente - Ma\u00e7om Center","og_description":"LIV - Ma\u00e7onaria: A Cabala do Ocidente","og_url":"https:\/\/macomcenter.com.br\/novo\/produto\/liv-maconaria-a-cabala-do-ocidente\/","og_site_name":"Ma\u00e7om Center","article_modified_time":"2026-02-06T20:32:14+00:00","og_image":[{"width":1295,"height":1295,"url":"https:\/\/macomcenter.com.br\/novo\/wp-content\/uploads\/2026\/02\/Maconaria-a-cabala-do-ocidente.png","type":"image\/png"}],"twitter_card":"summary_large_image","twitter_misc":{"Est. tempo de leitura":"2 minutos"},"schema":{"@context":"https:\/\/schema.org","@graph":[{"@type":"WebPage","@id":"https:\/\/macomcenter.com.br\/novo\/produto\/liv-maconaria-a-cabala-do-ocidente\/","url":"https:\/\/macomcenter.com.br\/novo\/produto\/liv-maconaria-a-cabala-do-ocidente\/","name":"LIV - Ma\u00e7onaria: A Cabala do Ocidente - Ma\u00e7om Center","isPartOf":{"@id":"https:\/\/macomcenter.com.br\/novo\/#website"},"primaryImageOfPage":{"@id":"https:\/\/macomcenter.com.br\/novo\/produto\/liv-maconaria-a-cabala-do-ocidente\/#primaryimage"},"image":{"@id":"https:\/\/macomcenter.com.br\/novo\/produto\/liv-maconaria-a-cabala-do-ocidente\/#primaryimage"},"thumbnailUrl":"https:\/\/macomcenter.com.br\/novo\/wp-content\/uploads\/2026\/02\/Maconaria-a-cabala-do-ocidente.png","datePublished":"2026-02-06T20:32:13+00:00","dateModified":"2026-02-06T20:32:14+00:00","description":"LIV - Ma\u00e7onaria: A Cabala do Ocidente","breadcrumb":{"@id":"https:\/\/macomcenter.com.br\/novo\/produto\/liv-maconaria-a-cabala-do-ocidente\/#breadcrumb"},"inLanguage":"pt-BR","potentialAction":[{"@type":"ReadAction","target":["https:\/\/macomcenter.com.br\/novo\/produto\/liv-maconaria-a-cabala-do-ocidente\/"]}]},{"@type":"ImageObject","inLanguage":"pt-BR","@id":"https:\/\/macomcenter.com.br\/novo\/produto\/liv-maconaria-a-cabala-do-ocidente\/#primaryimage","url":"https:\/\/macomcenter.com.br\/novo\/wp-content\/uploads\/2026\/02\/Maconaria-a-cabala-do-ocidente.png","contentUrl":"https:\/\/macomcenter.com.br\/novo\/wp-content\/uploads\/2026\/02\/Maconaria-a-cabala-do-ocidente.png","width":1295,"height":1295},{"@type":"BreadcrumbList","@id":"https:\/\/macomcenter.com.br\/novo\/produto\/liv-maconaria-a-cabala-do-ocidente\/#breadcrumb","itemListElement":[{"@type":"ListItem","position":1,"name":"In\u00edcio","item":"https:\/\/macomcenter.com.br\/novo\/"},{"@type":"ListItem","position":2,"name":"Produtos","item":"https:\/\/macomcenter.com.br\/novo\/shop\/"},{"@type":"ListItem","position":3,"name":"LIV &#8211; Ma\u00e7onaria: A Cabala do Ocidente"}]},{"@type":"WebSite","@id":"https:\/\/macomcenter.com.br\/novo\/#website","url":"https:\/\/macomcenter.com.br\/novo\/","name":"Ma\u00e7om Center","description":"A melhor loja virtual para Ma\u00e7ons","potentialAction":[{"@type":"SearchAction","target":{"@type":"EntryPoint","urlTemplate":"https:\/\/macomcenter.com.br\/novo\/?s={search_term_string}"},"query-input":{"@type":"PropertyValueSpecification","valueRequired":true,"valueName":"search_term_string"}}],"inLanguage":"pt-BR"}]}},"_links":{"self":[{"href":"https:\/\/macomcenter.com.br\/novo\/wp-json\/wp\/v2\/product\/2618","targetHints":{"allow":["GET"]}}],"collection":[{"href":"https:\/\/macomcenter.com.br\/novo\/wp-json\/wp\/v2\/product"}],"about":[{"href":"https:\/\/macomcenter.com.br\/novo\/wp-json\/wp\/v2\/types\/product"}],"replies":[{"embeddable":true,"href":"https:\/\/macomcenter.com.br\/novo\/wp-json\/wp\/v2\/comments?post=2618"}],"wp:featuredmedia":[{"embeddable":true,"href":"https:\/\/macomcenter.com.br\/novo\/wp-json\/wp\/v2\/media\/2619"}],"wp:attachment":[{"href":"https:\/\/macomcenter.com.br\/novo\/wp-json\/wp\/v2\/media?parent=2618"}],"wp:term":[{"taxonomy":"product_brand","embeddable":true,"href":"https:\/\/macomcenter.com.br\/novo\/wp-json\/wp\/v2\/product_brand?post=2618"},{"taxonomy":"product_cat","embeddable":true,"href":"https:\/\/macomcenter.com.br\/novo\/wp-json\/wp\/v2\/product_cat?post=2618"},{"taxonomy":"product_tag","embeddable":true,"href":"https:\/\/macomcenter.com.br\/novo\/wp-json\/wp\/v2\/product_tag?post=2618"}],"curies":[{"name":"wp","href":"https:\/\/api.w.org\/{rel}","templated":true}]}}