{"id":2147,"date":"2024-03-08T20:59:30","date_gmt":"2024-03-08T20:59:30","guid":{"rendered":"https:\/\/macomcenter.com.br\/novo\/?post_type=product&#038;p=2147"},"modified":"2026-02-06T19:56:17","modified_gmt":"2026-02-06T19:56:17","slug":"o-livro-do-orador-oratoria-maconica","status":"publish","type":"product","link":"https:\/\/macomcenter.com.br\/novo\/produto\/o-livro-do-orador-oratoria-maconica\/","title":{"rendered":"LIV &#8211; O Livro do Orador &#8211; Orat\u00f3ria Ma\u00e7\u00f4nica"},"content":{"rendered":"<div class=\"Y3BBE\" data-sfc-cp=\"\" data-hveid=\"CAEQAA\" data-processed=\"true\">&#8220;O Novo Livro do Orador: Orat\u00f3ria Ma\u00e7\u00f4nica&#8221;, de Carlos Brasilio Conte,\u00a0<mark class=\"HxTRcb\" data-processed=\"true\">\u00e9 um guia pr\u00e1tico e fonte de inspira\u00e7\u00e3o destinado a Oradores de Lojas Ma\u00e7\u00f4nicas e ma\u00e7ons que desejam aprimorar a arte de falar em p\u00fablico<\/mark>. O livro oferece modelos de discursos para diversas ocasi\u00f5es, como inicia\u00e7\u00f5es, eleva\u00e7\u00f5es, exalta\u00e7\u00f5es, pompas f\u00fanebres e banquetes, al\u00e9m de elucidar d\u00favidas sobre rituais e a atua\u00e7\u00e3o ma\u00e7\u00f4nica.<span class=\"uJ19be notranslate\" data-wiz-uids=\"SSKSrf_c,SSKSrf_d\" data-processed=\"true\"><span class=\"vKEkVd\" data-animation-atomic=\"\" data-wiz-attrbind=\"class=SSKSrf_b\/TKHnVd\" data-processed=\"true\"><span aria-hidden=\"true\" data-processed=\"true\">\u00a0<\/span><button class=\"rBl3me\" tabindex=\"0\" data-amic=\"true\" data-icl-uuid=\"7ca143b4-56ee-4a93-9ca7-9958a665a262\" aria-label=\"Mostrar links relacionados\" data-wiz-attrbind=\"disabled=SSKSrf_b\/C5gNJc;aria-label=SSKSrf_b\/bOjMyf;class=SSKSrf_b\/UpSNec\" data-ved=\"2ahUKEwjzxofj0sWSAxWoppUCHWb7IQgQye0OegQIARAC\" data-processed=\"true\"><\/button><\/span><\/span><\/div>\n<div class=\"Y3BBE\" data-sfc-cp=\"\" data-hveid=\"CAIQAA\" data-processed=\"true\"><strong class=\"Yjhzub\" data-processed=\"true\">Principais caracter\u00edsticas e conte\u00fados:<\/strong><button class=\"rBl3me\" tabindex=\"0\" data-amic=\"true\" data-icl-uuid=\"eb71c9b4-9d30-4a2d-bf83-0d2afc4975ff\" aria-label=\"Mostrar links relacionados\" data-wiz-attrbind=\"disabled=SSKSrf_j\/C5gNJc;aria-label=SSKSrf_j\/bOjMyf;class=SSKSrf_j\/UpSNec\" data-ved=\"2ahUKEwjzxofj0sWSAxWoppUCHWb7IQgQye0OegQIAhAB\" data-processed=\"true\"><\/button><\/div>\n<ul class=\"KsbFXc U6u95\" data-processed=\"true\">\n<li data-hveid=\"CAMQAA\" data-processed=\"true\"><span class=\"T286Pc\" data-sfc-cp=\"\" data-processed=\"true\"><strong class=\"Yjhzub\" data-processed=\"true\">Textos Ritual\u00edsticos:<\/strong>\u00a0Cont\u00e9m pe\u00e7as de arquitetura prontas e orienta\u00e7\u00f5es para sess\u00f5es magnas, brancas e comemora\u00e7\u00f5es.<\/span><\/li>\n<li data-hveid=\"CAMQAQ\" data-processed=\"true\"><span class=\"T286Pc\" data-sfc-cp=\"\" data-processed=\"true\"><strong class=\"Yjhzub\" data-processed=\"true\">Orienta\u00e7\u00e3o ao Orador:<\/strong>\u00a0Auxilia no desenvolvimento da orat\u00f3ria e na fun\u00e7\u00e3o de &#8220;Guarda da Lei&#8221;.<\/span><\/li>\n<li data-hveid=\"CAMQAg\" data-processed=\"true\"><span class=\"T286Pc\" data-sfc-cp=\"\" data-processed=\"true\"><strong class=\"Yjhzub\" data-processed=\"true\">Vis\u00e3o Geral da Ma\u00e7onaria:<\/strong>\u00a0Aborda quest\u00f5es pol\u00eamicas e misteriosas sobre a institui\u00e7\u00e3o, esclarecendo seus objetivos e s\u00edmbolos para o p\u00fablico.<\/span><\/li>\n<li data-hveid=\"CAMQAw\" data-processed=\"true\"><span class=\"T286Pc\" data-sfc-cp=\"\" data-processed=\"true\"><strong class=\"Yjhzub\" data-processed=\"true\">Foco Pr\u00e1tico:<\/strong>\u00a0Funciona como um manual de consulta para pronunciamentos, visando harmonia e a correta aplica\u00e7\u00e3o das leis ma\u00e7\u00f4nicas.<\/span><span class=\"uJ19be notranslate\" data-wiz-uids=\"SSKSrf_10,SSKSrf_11\" data-processed=\"true\"><span class=\"vKEkVd\" data-animation-atomic=\"\" data-wiz-attrbind=\"class=SSKSrf_z\/TKHnVd\" data-processed=\"true\"><span aria-hidden=\"true\" data-processed=\"true\">\u00a0<\/span><button class=\"rBl3me\" tabindex=\"0\" data-amic=\"true\" data-icl-uuid=\"b6fdd581-6cdf-4377-bc1b-969ab6c4fbd1\" aria-label=\"Mostrar links relacionados\" data-wiz-attrbind=\"disabled=SSKSrf_z\/C5gNJc;aria-label=SSKSrf_z\/bOjMyf;class=SSKSrf_z\/UpSNec\" data-ved=\"2ahUKEwjzxofj0sWSAxWoppUCHWb7IQgQye0OegQIAxAE\" data-processed=\"true\"><\/button><\/span><\/span><\/li>\n<\/ul>\n<div class=\"Y3BBE\" data-sfc-cp=\"\" data-hveid=\"CAQQAA\" data-processed=\"true\">Este livro \u00e9 essencial para quem busca atuar com eloqu\u00eancia e fundamenta\u00e7\u00e3o nos cargos da Ma\u00e7onaria.<span class=\"uJ19be notranslate\" data-wiz-uids=\"SSKSrf_17,SSKSrf_18\" data-processed=\"true\"><span class=\"vKEkVd\" data-animation-atomic=\"\" data-wiz-attrbind=\"class=SSKSrf_16\/TKHnVd\" data-processed=\"true\"><span aria-hidden=\"true\" data-processed=\"true\">\u00a0<\/span><\/span><\/span><\/div>\n","protected":false},"excerpt":{"rendered":"<p>206 p\u00e1g<\/p>\n","protected":false},"featured_media":2148,"comment_status":"open","ping_status":"closed","template":"","meta":{"site-sidebar-layout":"default","site-content-layout":"","ast-site-content-layout":"default","site-content-style":"default","site-sidebar-style":"default","ast-global-header-display":"","ast-banner-title-visibility":"","ast-main-header-display":"","ast-hfb-above-header-display":"","ast-hfb-below-header-display":"","ast-hfb-mobile-header-display":"","site-post-title":"","ast-breadcrumbs-content":"","ast-featured-img":"","footer-sml-layout":"","ast-disable-related-posts":"","theme-transparent-header-meta":"default","adv-header-id-meta":"","stick-header-meta":"","header-above-stick-meta":"","header-main-stick-meta":"","header-below-stick-meta":"","astra-migrate-meta-layouts":"set","ast-page-background-enabled":"default","ast-page-background-meta":{"desktop":{"background-color":"var(--ast-global-color-5)","background-image":"","background-repeat":"repeat","background-position":"center center","background-size":"auto","background-attachment":"scroll","background-type":"","background-media":"","overlay-type":"","overlay-color":"","overlay-opacity":"","overlay-gradient":""},"tablet":{"background-color":"","background-image":"","background-repeat":"repeat","background-position":"center center","background-size":"auto","background-attachment":"scroll","background-type":"","background-media":"","overlay-type":"","overlay-color":"","overlay-opacity":"","overlay-gradient":""},"mobile":{"background-color":"","background-image":"","background-repeat":"repeat","background-position":"center center","background-size":"auto","background-attachment":"scroll","background-type":"","background-media":"","overlay-type":"","overlay-color":"","overlay-opacity":"","overlay-gradient":""}},"ast-content-background-meta":{"desktop":{"background-color":"var(--ast-global-color-4)","background-image":"","background-repeat":"repeat","background-position":"center center","background-size":"auto","background-attachment":"scroll","background-type":"","background-media":"","overlay-type":"","overlay-color":"","overlay-opacity":"","overlay-gradient":""},"tablet":{"background-color":"var(--ast-global-color-4)","background-image":"","background-repeat":"repeat","background-position":"center center","background-size":"auto","background-attachment":"scroll","background-type":"","background-media":"","overlay-type":"","overlay-color":"","overlay-opacity":"","overlay-gradient":""},"mobile":{"background-color":"var(--ast-global-color-4)","background-image":"","background-repeat":"repeat","background-position":"center center","background-size":"auto","background-attachment":"scroll","background-type":"","background-media":"","overlay-type":"","overlay-color":"","overlay-opacity":"","overlay-gradient":""}}},"product_brand":[],"product_cat":[40],"product_tag":[],"class_list":{"0":"post-2147","1":"product","2":"type-product","3":"status-publish","4":"has-post-thumbnail","6":"product_cat-livros","7":"desktop-align-center","8":"tablet-align-left","9":"mobile-align-left","11":"first","12":"instock","13":"shipping-taxable","14":"purchasable","15":"product-type-simple"},"yoast_head":"<!-- This site is optimized with the Yoast SEO plugin v27.6 - https:\/\/yoast.com\/product\/yoast-seo-wordpress\/ -->\n<title>LIV - O Livro do Orador - Orat\u00f3ria Ma\u00e7\u00f4nica - Ma\u00e7om Center<\/title>\n<meta name=\"robots\" content=\"index, follow, max-snippet:-1, max-image-preview:large, max-video-preview:-1\" \/>\n<link rel=\"canonical\" href=\"https:\/\/macomcenter.com.br\/novo\/produto\/o-livro-do-orador-oratoria-maconica\/\" \/>\n<meta property=\"og:locale\" content=\"pt_BR\" \/>\n<meta property=\"og:type\" content=\"article\" \/>\n<meta property=\"og:title\" content=\"LIV - O Livro do Orador - Orat\u00f3ria Ma\u00e7\u00f4nica - Ma\u00e7om Center\" \/>\n<meta property=\"og:description\" content=\"206 p\u00e1g\" \/>\n<meta property=\"og:url\" content=\"https:\/\/macomcenter.com.br\/novo\/produto\/o-livro-do-orador-oratoria-maconica\/\" \/>\n<meta property=\"og:site_name\" content=\"Ma\u00e7om Center\" \/>\n<meta property=\"article:modified_time\" content=\"2026-02-06T19:56:17+00:00\" \/>\n<meta property=\"og:image\" content=\"https:\/\/macomcenter.com.br\/novo\/wp-content\/uploads\/2024\/03\/Novo-o-livro-do-orador.png\" \/>\n\t<meta property=\"og:image:width\" content=\"1080\" \/>\n\t<meta property=\"og:image:height\" content=\"1080\" \/>\n\t<meta property=\"og:image:type\" content=\"image\/png\" \/>\n<meta name=\"twitter:card\" content=\"summary_large_image\" \/>\n<meta name=\"twitter:label1\" content=\"Est. tempo de leitura\" \/>\n\t<meta name=\"twitter:data1\" content=\"2 minutos\" \/>\n<script type=\"application\/ld+json\" class=\"yoast-schema-graph\">{\"@context\":\"https:\\\/\\\/schema.org\",\"@graph\":[{\"@type\":\"WebPage\",\"@id\":\"https:\\\/\\\/macomcenter.com.br\\\/novo\\\/produto\\\/o-livro-do-orador-oratoria-maconica\\\/\",\"url\":\"https:\\\/\\\/macomcenter.com.br\\\/novo\\\/produto\\\/o-livro-do-orador-oratoria-maconica\\\/\",\"name\":\"LIV - O Livro do Orador - Orat\u00f3ria Ma\u00e7\u00f4nica - Ma\u00e7om Center\",\"isPartOf\":{\"@id\":\"https:\\\/\\\/macomcenter.com.br\\\/novo\\\/#website\"},\"primaryImageOfPage\":{\"@id\":\"https:\\\/\\\/macomcenter.com.br\\\/novo\\\/produto\\\/o-livro-do-orador-oratoria-maconica\\\/#primaryimage\"},\"image\":{\"@id\":\"https:\\\/\\\/macomcenter.com.br\\\/novo\\\/produto\\\/o-livro-do-orador-oratoria-maconica\\\/#primaryimage\"},\"thumbnailUrl\":\"https:\\\/\\\/macomcenter.com.br\\\/novo\\\/wp-content\\\/uploads\\\/2024\\\/03\\\/Novo-o-livro-do-orador.png\",\"datePublished\":\"2024-03-08T20:59:30+00:00\",\"dateModified\":\"2026-02-06T19:56:17+00:00\",\"breadcrumb\":{\"@id\":\"https:\\\/\\\/macomcenter.com.br\\\/novo\\\/produto\\\/o-livro-do-orador-oratoria-maconica\\\/#breadcrumb\"},\"inLanguage\":\"pt-BR\",\"potentialAction\":[{\"@type\":\"ReadAction\",\"target\":[\"https:\\\/\\\/macomcenter.com.br\\\/novo\\\/produto\\\/o-livro-do-orador-oratoria-maconica\\\/\"]}]},{\"@type\":\"ImageObject\",\"inLanguage\":\"pt-BR\",\"@id\":\"https:\\\/\\\/macomcenter.com.br\\\/novo\\\/produto\\\/o-livro-do-orador-oratoria-maconica\\\/#primaryimage\",\"url\":\"https:\\\/\\\/macomcenter.com.br\\\/novo\\\/wp-content\\\/uploads\\\/2024\\\/03\\\/Novo-o-livro-do-orador.png\",\"contentUrl\":\"https:\\\/\\\/macomcenter.com.br\\\/novo\\\/wp-content\\\/uploads\\\/2024\\\/03\\\/Novo-o-livro-do-orador.png\",\"width\":1080,\"height\":1080},{\"@type\":\"BreadcrumbList\",\"@id\":\"https:\\\/\\\/macomcenter.com.br\\\/novo\\\/produto\\\/o-livro-do-orador-oratoria-maconica\\\/#breadcrumb\",\"itemListElement\":[{\"@type\":\"ListItem\",\"position\":1,\"name\":\"In\u00edcio\",\"item\":\"https:\\\/\\\/macomcenter.com.br\\\/novo\\\/\"},{\"@type\":\"ListItem\",\"position\":2,\"name\":\"Produtos\",\"item\":\"https:\\\/\\\/macomcenter.com.br\\\/novo\\\/shop\\\/\"},{\"@type\":\"ListItem\",\"position\":3,\"name\":\"LIV &#8211; O Livro do Orador &#8211; Orat\u00f3ria Ma\u00e7\u00f4nica\"}]},{\"@type\":\"WebSite\",\"@id\":\"https:\\\/\\\/macomcenter.com.br\\\/novo\\\/#website\",\"url\":\"https:\\\/\\\/macomcenter.com.br\\\/novo\\\/\",\"name\":\"Ma\u00e7om Center\",\"description\":\"A melhor loja virtual para Ma\u00e7ons\",\"potentialAction\":[{\"@type\":\"SearchAction\",\"target\":{\"@type\":\"EntryPoint\",\"urlTemplate\":\"https:\\\/\\\/macomcenter.com.br\\\/novo\\\/?s={search_term_string}\"},\"query-input\":{\"@type\":\"PropertyValueSpecification\",\"valueRequired\":true,\"valueName\":\"search_term_string\"}}],\"inLanguage\":\"pt-BR\"}]}<\/script>\n<!-- \/ Yoast SEO plugin. -->","yoast_head_json":{"title":"LIV - O Livro do Orador - Orat\u00f3ria Ma\u00e7\u00f4nica - Ma\u00e7om Center","robots":{"index":"index","follow":"follow","max-snippet":"max-snippet:-1","max-image-preview":"max-image-preview:large","max-video-preview":"max-video-preview:-1"},"canonical":"https:\/\/macomcenter.com.br\/novo\/produto\/o-livro-do-orador-oratoria-maconica\/","og_locale":"pt_BR","og_type":"article","og_title":"LIV - O Livro do Orador - Orat\u00f3ria Ma\u00e7\u00f4nica - Ma\u00e7om Center","og_description":"206 p\u00e1g","og_url":"https:\/\/macomcenter.com.br\/novo\/produto\/o-livro-do-orador-oratoria-maconica\/","og_site_name":"Ma\u00e7om Center","article_modified_time":"2026-02-06T19:56:17+00:00","og_image":[{"width":1080,"height":1080,"url":"https:\/\/macomcenter.com.br\/novo\/wp-content\/uploads\/2024\/03\/Novo-o-livro-do-orador.png","type":"image\/png"}],"twitter_card":"summary_large_image","twitter_misc":{"Est. tempo de leitura":"2 minutos"},"schema":{"@context":"https:\/\/schema.org","@graph":[{"@type":"WebPage","@id":"https:\/\/macomcenter.com.br\/novo\/produto\/o-livro-do-orador-oratoria-maconica\/","url":"https:\/\/macomcenter.com.br\/novo\/produto\/o-livro-do-orador-oratoria-maconica\/","name":"LIV - O Livro do Orador - Orat\u00f3ria Ma\u00e7\u00f4nica - Ma\u00e7om Center","isPartOf":{"@id":"https:\/\/macomcenter.com.br\/novo\/#website"},"primaryImageOfPage":{"@id":"https:\/\/macomcenter.com.br\/novo\/produto\/o-livro-do-orador-oratoria-maconica\/#primaryimage"},"image":{"@id":"https:\/\/macomcenter.com.br\/novo\/produto\/o-livro-do-orador-oratoria-maconica\/#primaryimage"},"thumbnailUrl":"https:\/\/macomcenter.com.br\/novo\/wp-content\/uploads\/2024\/03\/Novo-o-livro-do-orador.png","datePublished":"2024-03-08T20:59:30+00:00","dateModified":"2026-02-06T19:56:17+00:00","breadcrumb":{"@id":"https:\/\/macomcenter.com.br\/novo\/produto\/o-livro-do-orador-oratoria-maconica\/#breadcrumb"},"inLanguage":"pt-BR","potentialAction":[{"@type":"ReadAction","target":["https:\/\/macomcenter.com.br\/novo\/produto\/o-livro-do-orador-oratoria-maconica\/"]}]},{"@type":"ImageObject","inLanguage":"pt-BR","@id":"https:\/\/macomcenter.com.br\/novo\/produto\/o-livro-do-orador-oratoria-maconica\/#primaryimage","url":"https:\/\/macomcenter.com.br\/novo\/wp-content\/uploads\/2024\/03\/Novo-o-livro-do-orador.png","contentUrl":"https:\/\/macomcenter.com.br\/novo\/wp-content\/uploads\/2024\/03\/Novo-o-livro-do-orador.png","width":1080,"height":1080},{"@type":"BreadcrumbList","@id":"https:\/\/macomcenter.com.br\/novo\/produto\/o-livro-do-orador-oratoria-maconica\/#breadcrumb","itemListElement":[{"@type":"ListItem","position":1,"name":"In\u00edcio","item":"https:\/\/macomcenter.com.br\/novo\/"},{"@type":"ListItem","position":2,"name":"Produtos","item":"https:\/\/macomcenter.com.br\/novo\/shop\/"},{"@type":"ListItem","position":3,"name":"LIV &#8211; O Livro do Orador &#8211; Orat\u00f3ria Ma\u00e7\u00f4nica"}]},{"@type":"WebSite","@id":"https:\/\/macomcenter.com.br\/novo\/#website","url":"https:\/\/macomcenter.com.br\/novo\/","name":"Ma\u00e7om Center","description":"A melhor loja virtual para Ma\u00e7ons","potentialAction":[{"@type":"SearchAction","target":{"@type":"EntryPoint","urlTemplate":"https:\/\/macomcenter.com.br\/novo\/?s={search_term_string}"},"query-input":{"@type":"PropertyValueSpecification","valueRequired":true,"valueName":"search_term_string"}}],"inLanguage":"pt-BR"}]}},"_links":{"self":[{"href":"https:\/\/macomcenter.com.br\/novo\/wp-json\/wp\/v2\/product\/2147","targetHints":{"allow":["GET"]}}],"collection":[{"href":"https:\/\/macomcenter.com.br\/novo\/wp-json\/wp\/v2\/product"}],"about":[{"href":"https:\/\/macomcenter.com.br\/novo\/wp-json\/wp\/v2\/types\/product"}],"replies":[{"embeddable":true,"href":"https:\/\/macomcenter.com.br\/novo\/wp-json\/wp\/v2\/comments?post=2147"}],"wp:featuredmedia":[{"embeddable":true,"href":"https:\/\/macomcenter.com.br\/novo\/wp-json\/wp\/v2\/media\/2148"}],"wp:attachment":[{"href":"https:\/\/macomcenter.com.br\/novo\/wp-json\/wp\/v2\/media?parent=2147"}],"wp:term":[{"taxonomy":"product_brand","embeddable":true,"href":"https:\/\/macomcenter.com.br\/novo\/wp-json\/wp\/v2\/product_brand?post=2147"},{"taxonomy":"product_cat","embeddable":true,"href":"https:\/\/macomcenter.com.br\/novo\/wp-json\/wp\/v2\/product_cat?post=2147"},{"taxonomy":"product_tag","embeddable":true,"href":"https:\/\/macomcenter.com.br\/novo\/wp-json\/wp\/v2\/product_tag?post=2147"}],"curies":[{"name":"wp","href":"https:\/\/api.w.org\/{rel}","templated":true}]}}