{"id":2134,"date":"2024-03-08T18:24:16","date_gmt":"2024-03-08T18:24:16","guid":{"rendered":"https:\/\/macomcenter.com.br\/novo\/?post_type=product&#038;p=2134"},"modified":"2026-02-06T20:42:30","modified_gmt":"2026-02-06T20:42:30","slug":"maconaria-30-instrucoes-de-mestre","status":"publish","type":"product","link":"https:\/\/macomcenter.com.br\/novo\/produto\/maconaria-30-instrucoes-de-mestre\/","title":{"rendered":"LIV &#8211; Ma\u00e7onaria 30 Instru\u00e7\u00f5es de Mestre"},"content":{"rendered":"<div class=\"Y3BBE\" data-sfc-cp=\"\" data-hveid=\"CAEQAA\" data-processed=\"true\">&#8220;Ma\u00e7onaria: 30 Instru\u00e7\u00f5es de Mestre&#8221;, de Raymundo D&#8217;Elia Junior, conclui a trilogia da\u00a0<span data-processed=\"true\"><a class=\"H23r4e\" href=\"https:\/\/www.madras.com.br\/maconaria\/maconaria-30-instrucoes-de-mestre\" target=\"_blank\" rel=\"noopener\" data-processed=\"true\">Madras Editora<\/a><\/span>\u00a0focada no terceiro grau simb\u00f3lico. Utilizando o formato de jogral,\u00a0<mark class=\"HxTRcb\" data-processed=\"true\">a obra apresenta instru\u00e7\u00f5es profundas sobre a mestria, ideais para o aprofundamento filos\u00f3fico e rituais em Loja, sendo \u00fatil para todos os graus e ritos<\/mark>.<span class=\"uJ19be notranslate\" data-wiz-uids=\"fdsUWe_d,fdsUWe_e\" data-processed=\"true\"><span class=\"vKEkVd\" data-animation-atomic=\"\" data-wiz-attrbind=\"class=fdsUWe_c\/TKHnVd\" data-processed=\"true\"><span aria-hidden=\"true\" data-processed=\"true\">\u00a0<\/span><button class=\"rBl3me\" tabindex=\"0\" data-amic=\"true\" data-icl-uuid=\"d90ec138-c246-4086-ad09-65fff9db6a5a\" aria-label=\"Mostrar links relacionados\" data-wiz-attrbind=\"disabled=fdsUWe_c\/C5gNJc;aria-label=fdsUWe_c\/bOjMyf;class=fdsUWe_c\/UpSNec\" data-ved=\"2ahUKEwi_k96F08WSAxWjHLkGHVwgITEQye0OegQIARAD\" data-processed=\"true\"><\/button><\/span><\/span><\/div>\n<div class=\"Y3BBE\" data-sfc-cp=\"\" data-hveid=\"CAIQAA\" data-processed=\"true\"><strong class=\"Yjhzub\" data-processed=\"true\">Principais Aspectos da Obra:<\/strong><button class=\"rBl3me\" tabindex=\"0\" data-amic=\"true\" data-icl-uuid=\"f2253fed-ddf7-4f5c-afb3-7abce3fac1ea\" aria-label=\"Mostrar links relacionados\" data-wiz-attrbind=\"disabled=fdsUWe_k\/C5gNJc;aria-label=fdsUWe_k\/bOjMyf;class=fdsUWe_k\/UpSNec\" data-ved=\"2ahUKEwi_k96F08WSAxWjHLkGHVwgITEQye0OegQIAhAB\" data-processed=\"true\"><\/button><\/div>\n<ul class=\"KsbFXc U6u95\" data-processed=\"true\">\n<li data-hveid=\"CAMQAA\" data-processed=\"true\"><span class=\"T286Pc\" data-sfc-cp=\"\" data-processed=\"true\"><strong class=\"Yjhzub\" data-processed=\"true\">Foco no Terceiro Grau:<\/strong>\u00a0Dedicado ao Mestre Ma\u00e7om, o livro busca o aprimoramento na senda ma\u00e7\u00f4nica.<\/span><\/li>\n<li data-hveid=\"CAMQAQ\" data-processed=\"true\"><span class=\"T286Pc\" data-sfc-cp=\"\" data-processed=\"true\"><strong class=\"Yjhzub\" data-processed=\"true\">Metodologia em Jogral:<\/strong>\u00a0O autor utiliza a t\u00e9cnica de jogral, o que estimula a concentra\u00e7\u00e3o, agilidade no pensar e falar, facilitando a instru\u00e7\u00e3o coletiva.<\/span><\/li>\n<li data-hveid=\"CAMQAg\" data-processed=\"true\"><span class=\"T286Pc\" data-sfc-cp=\"\" data-processed=\"true\"><strong class=\"Yjhzub\" data-processed=\"true\">Conte\u00fado Profundo:<\/strong>\u00a0Isento de superficialidade, aborda s\u00edmbolos e filosofia com o objetivo de guiar o melhor caminho ao ma\u00e7om.<\/span><\/li>\n<li data-hveid=\"CAMQAw\" data-processed=\"true\"><span class=\"T286Pc\" data-sfc-cp=\"\" data-processed=\"true\"><strong class=\"Yjhzub\" data-processed=\"true\">Universalidade:<\/strong>\u00a0Embora focado no Mestrado, o conte\u00fado \u00e9 enriquecedor para aprendizes e companheiros, sendo relevante para diferentes ritos.<\/span><\/li>\n<li data-hveid=\"CAMQBA\" data-processed=\"true\"><span class=\"T286Pc\" data-sfc-cp=\"\" data-processed=\"true\"><strong class=\"Yjhzub\" data-processed=\"true\">Trilogia:<\/strong>\u00a0Complementa as obras\u00a0<em class=\"eujQNb\" data-processed=\"true\">Ma\u00e7onaria \u2013 100 Instru\u00e7\u00f5es de Aprendiz<\/em>\u00a0e\u00a0<em class=\"eujQNb\" data-processed=\"true\">Ma\u00e7onaria \u2013 50 Instru\u00e7\u00f5es de Companheiro<\/em>.<\/span><span class=\"uJ19be notranslate\" data-wiz-uids=\"fdsUWe_16,fdsUWe_17\" data-processed=\"true\"><span class=\"vKEkVd\" data-animation-atomic=\"\" data-wiz-attrbind=\"class=fdsUWe_15\/TKHnVd\" data-processed=\"true\"><span aria-hidden=\"true\" data-processed=\"true\">\u00a0<\/span><button class=\"rBl3me\" tabindex=\"0\" data-amic=\"true\" data-icl-uuid=\"b3784b6f-955b-4f94-b485-ed33b979bb0a\" aria-label=\"Mostrar links relacionados\" data-wiz-attrbind=\"disabled=fdsUWe_15\/C5gNJc;aria-label=fdsUWe_15\/bOjMyf;class=fdsUWe_15\/UpSNec\" data-ved=\"2ahUKEwi_k96F08WSAxWjHLkGHVwgITEQye0OegQIAxAF\" data-processed=\"true\"><\/button><\/span><\/span><\/li>\n<\/ul>\n<div class=\"Y3BBE\" data-sfc-cp=\"\" data-hveid=\"CAQQAA\" data-processed=\"true\">Esta obra \u00e9 descrita como uma ferramenta pr\u00e1tica e te\u00f3rica essencial para a Loja e para o estudo individual do ma\u00e7om.<span class=\"uJ19be notranslate\" data-wiz-uids=\"fdsUWe_1d,fdsUWe_1e\" data-processed=\"true\"><span class=\"vKEkVd\" data-animation-atomic=\"\" data-wiz-attrbind=\"class=fdsUWe_1c\/TKHnVd\" data-processed=\"true\"><span aria-hidden=\"true\" data-processed=\"true\">\u00a0<\/span><\/span><\/span><\/div>\n","protected":false},"excerpt":{"rendered":"<p>346 p\u00e1g<\/p>\n","protected":false},"featured_media":2135,"comment_status":"open","ping_status":"closed","template":"","meta":{"site-sidebar-layout":"default","site-content-layout":"","ast-site-content-layout":"default","site-content-style":"default","site-sidebar-style":"default","ast-global-header-display":"","ast-banner-title-visibility":"","ast-main-header-display":"","ast-hfb-above-header-display":"","ast-hfb-below-header-display":"","ast-hfb-mobile-header-display":"","site-post-title":"","ast-breadcrumbs-content":"","ast-featured-img":"","footer-sml-layout":"","ast-disable-related-posts":"","theme-transparent-header-meta":"default","adv-header-id-meta":"","stick-header-meta":"","header-above-stick-meta":"","header-main-stick-meta":"","header-below-stick-meta":"","astra-migrate-meta-layouts":"set","ast-page-background-enabled":"default","ast-page-background-meta":{"desktop":{"background-color":"var(--ast-global-color-5)","background-image":"","background-repeat":"repeat","background-position":"center center","background-size":"auto","background-attachment":"scroll","background-type":"","background-media":"","overlay-type":"","overlay-color":"","overlay-opacity":"","overlay-gradient":""},"tablet":{"background-color":"","background-image":"","background-repeat":"repeat","background-position":"center center","background-size":"auto","background-attachment":"scroll","background-type":"","background-media":"","overlay-type":"","overlay-color":"","overlay-opacity":"","overlay-gradient":""},"mobile":{"background-color":"","background-image":"","background-repeat":"repeat","background-position":"center center","background-size":"auto","background-attachment":"scroll","background-type":"","background-media":"","overlay-type":"","overlay-color":"","overlay-opacity":"","overlay-gradient":""}},"ast-content-background-meta":{"desktop":{"background-color":"var(--ast-global-color-4)","background-image":"","background-repeat":"repeat","background-position":"center center","background-size":"auto","background-attachment":"scroll","background-type":"","background-media":"","overlay-type":"","overlay-color":"","overlay-opacity":"","overlay-gradient":""},"tablet":{"background-color":"var(--ast-global-color-4)","background-image":"","background-repeat":"repeat","background-position":"center center","background-size":"auto","background-attachment":"scroll","background-type":"","background-media":"","overlay-type":"","overlay-color":"","overlay-opacity":"","overlay-gradient":""},"mobile":{"background-color":"var(--ast-global-color-4)","background-image":"","background-repeat":"repeat","background-position":"center center","background-size":"auto","background-attachment":"scroll","background-type":"","background-media":"","overlay-type":"","overlay-color":"","overlay-opacity":"","overlay-gradient":""}}},"product_brand":[],"product_cat":[40],"product_tag":[],"class_list":{"0":"post-2134","1":"product","2":"type-product","3":"status-publish","4":"has-post-thumbnail","6":"product_cat-livros","7":"desktop-align-center","8":"tablet-align-left","9":"mobile-align-left","11":"first","12":"instock","13":"shipping-taxable","14":"purchasable","15":"product-type-simple"},"yoast_head":"<!-- This site is optimized with the Yoast SEO plugin v27.6 - https:\/\/yoast.com\/product\/yoast-seo-wordpress\/ -->\n<title>LIV - Ma\u00e7onaria 30 Instru\u00e7\u00f5es de Mestre - Ma\u00e7om Center<\/title>\n<meta name=\"robots\" content=\"index, follow, max-snippet:-1, max-image-preview:large, max-video-preview:-1\" \/>\n<link rel=\"canonical\" href=\"https:\/\/macomcenter.com.br\/novo\/produto\/maconaria-30-instrucoes-de-mestre\/\" \/>\n<meta property=\"og:locale\" content=\"pt_BR\" \/>\n<meta property=\"og:type\" content=\"article\" \/>\n<meta property=\"og:title\" content=\"LIV - Ma\u00e7onaria 30 Instru\u00e7\u00f5es de Mestre - Ma\u00e7om Center\" \/>\n<meta property=\"og:description\" content=\"346 p\u00e1g\" \/>\n<meta property=\"og:url\" content=\"https:\/\/macomcenter.com.br\/novo\/produto\/maconaria-30-instrucoes-de-mestre\/\" \/>\n<meta property=\"og:site_name\" content=\"Ma\u00e7om Center\" \/>\n<meta property=\"article:modified_time\" content=\"2026-02-06T20:42:30+00:00\" \/>\n<meta property=\"og:image\" content=\"https:\/\/macomcenter.com.br\/novo\/wp-content\/uploads\/2024\/03\/30-Instr.png\" \/>\n\t<meta property=\"og:image:width\" content=\"1080\" \/>\n\t<meta property=\"og:image:height\" content=\"1080\" \/>\n\t<meta property=\"og:image:type\" content=\"image\/png\" \/>\n<meta name=\"twitter:card\" content=\"summary_large_image\" \/>\n<meta name=\"twitter:label1\" content=\"Est. tempo de leitura\" \/>\n\t<meta name=\"twitter:data1\" content=\"2 minutos\" \/>\n<script type=\"application\/ld+json\" class=\"yoast-schema-graph\">{\"@context\":\"https:\\\/\\\/schema.org\",\"@graph\":[{\"@type\":\"WebPage\",\"@id\":\"https:\\\/\\\/macomcenter.com.br\\\/novo\\\/produto\\\/maconaria-30-instrucoes-de-mestre\\\/\",\"url\":\"https:\\\/\\\/macomcenter.com.br\\\/novo\\\/produto\\\/maconaria-30-instrucoes-de-mestre\\\/\",\"name\":\"LIV - Ma\u00e7onaria 30 Instru\u00e7\u00f5es de Mestre - Ma\u00e7om Center\",\"isPartOf\":{\"@id\":\"https:\\\/\\\/macomcenter.com.br\\\/novo\\\/#website\"},\"primaryImageOfPage\":{\"@id\":\"https:\\\/\\\/macomcenter.com.br\\\/novo\\\/produto\\\/maconaria-30-instrucoes-de-mestre\\\/#primaryimage\"},\"image\":{\"@id\":\"https:\\\/\\\/macomcenter.com.br\\\/novo\\\/produto\\\/maconaria-30-instrucoes-de-mestre\\\/#primaryimage\"},\"thumbnailUrl\":\"https:\\\/\\\/macomcenter.com.br\\\/novo\\\/wp-content\\\/uploads\\\/2024\\\/03\\\/30-Instr.png\",\"datePublished\":\"2024-03-08T18:24:16+00:00\",\"dateModified\":\"2026-02-06T20:42:30+00:00\",\"breadcrumb\":{\"@id\":\"https:\\\/\\\/macomcenter.com.br\\\/novo\\\/produto\\\/maconaria-30-instrucoes-de-mestre\\\/#breadcrumb\"},\"inLanguage\":\"pt-BR\",\"potentialAction\":[{\"@type\":\"ReadAction\",\"target\":[\"https:\\\/\\\/macomcenter.com.br\\\/novo\\\/produto\\\/maconaria-30-instrucoes-de-mestre\\\/\"]}]},{\"@type\":\"ImageObject\",\"inLanguage\":\"pt-BR\",\"@id\":\"https:\\\/\\\/macomcenter.com.br\\\/novo\\\/produto\\\/maconaria-30-instrucoes-de-mestre\\\/#primaryimage\",\"url\":\"https:\\\/\\\/macomcenter.com.br\\\/novo\\\/wp-content\\\/uploads\\\/2024\\\/03\\\/30-Instr.png\",\"contentUrl\":\"https:\\\/\\\/macomcenter.com.br\\\/novo\\\/wp-content\\\/uploads\\\/2024\\\/03\\\/30-Instr.png\",\"width\":1080,\"height\":1080},{\"@type\":\"BreadcrumbList\",\"@id\":\"https:\\\/\\\/macomcenter.com.br\\\/novo\\\/produto\\\/maconaria-30-instrucoes-de-mestre\\\/#breadcrumb\",\"itemListElement\":[{\"@type\":\"ListItem\",\"position\":1,\"name\":\"In\u00edcio\",\"item\":\"https:\\\/\\\/macomcenter.com.br\\\/novo\\\/\"},{\"@type\":\"ListItem\",\"position\":2,\"name\":\"Produtos\",\"item\":\"https:\\\/\\\/macomcenter.com.br\\\/novo\\\/shop\\\/\"},{\"@type\":\"ListItem\",\"position\":3,\"name\":\"LIV &#8211; Ma\u00e7onaria 30 Instru\u00e7\u00f5es de Mestre\"}]},{\"@type\":\"WebSite\",\"@id\":\"https:\\\/\\\/macomcenter.com.br\\\/novo\\\/#website\",\"url\":\"https:\\\/\\\/macomcenter.com.br\\\/novo\\\/\",\"name\":\"Ma\u00e7om Center\",\"description\":\"A melhor loja virtual para Ma\u00e7ons\",\"potentialAction\":[{\"@type\":\"SearchAction\",\"target\":{\"@type\":\"EntryPoint\",\"urlTemplate\":\"https:\\\/\\\/macomcenter.com.br\\\/novo\\\/?s={search_term_string}\"},\"query-input\":{\"@type\":\"PropertyValueSpecification\",\"valueRequired\":true,\"valueName\":\"search_term_string\"}}],\"inLanguage\":\"pt-BR\"}]}<\/script>\n<!-- \/ Yoast SEO plugin. -->","yoast_head_json":{"title":"LIV - Ma\u00e7onaria 30 Instru\u00e7\u00f5es de Mestre - Ma\u00e7om Center","robots":{"index":"index","follow":"follow","max-snippet":"max-snippet:-1","max-image-preview":"max-image-preview:large","max-video-preview":"max-video-preview:-1"},"canonical":"https:\/\/macomcenter.com.br\/novo\/produto\/maconaria-30-instrucoes-de-mestre\/","og_locale":"pt_BR","og_type":"article","og_title":"LIV - Ma\u00e7onaria 30 Instru\u00e7\u00f5es de Mestre - Ma\u00e7om Center","og_description":"346 p\u00e1g","og_url":"https:\/\/macomcenter.com.br\/novo\/produto\/maconaria-30-instrucoes-de-mestre\/","og_site_name":"Ma\u00e7om Center","article_modified_time":"2026-02-06T20:42:30+00:00","og_image":[{"width":1080,"height":1080,"url":"https:\/\/macomcenter.com.br\/novo\/wp-content\/uploads\/2024\/03\/30-Instr.png","type":"image\/png"}],"twitter_card":"summary_large_image","twitter_misc":{"Est. tempo de leitura":"2 minutos"},"schema":{"@context":"https:\/\/schema.org","@graph":[{"@type":"WebPage","@id":"https:\/\/macomcenter.com.br\/novo\/produto\/maconaria-30-instrucoes-de-mestre\/","url":"https:\/\/macomcenter.com.br\/novo\/produto\/maconaria-30-instrucoes-de-mestre\/","name":"LIV - Ma\u00e7onaria 30 Instru\u00e7\u00f5es de Mestre - Ma\u00e7om Center","isPartOf":{"@id":"https:\/\/macomcenter.com.br\/novo\/#website"},"primaryImageOfPage":{"@id":"https:\/\/macomcenter.com.br\/novo\/produto\/maconaria-30-instrucoes-de-mestre\/#primaryimage"},"image":{"@id":"https:\/\/macomcenter.com.br\/novo\/produto\/maconaria-30-instrucoes-de-mestre\/#primaryimage"},"thumbnailUrl":"https:\/\/macomcenter.com.br\/novo\/wp-content\/uploads\/2024\/03\/30-Instr.png","datePublished":"2024-03-08T18:24:16+00:00","dateModified":"2026-02-06T20:42:30+00:00","breadcrumb":{"@id":"https:\/\/macomcenter.com.br\/novo\/produto\/maconaria-30-instrucoes-de-mestre\/#breadcrumb"},"inLanguage":"pt-BR","potentialAction":[{"@type":"ReadAction","target":["https:\/\/macomcenter.com.br\/novo\/produto\/maconaria-30-instrucoes-de-mestre\/"]}]},{"@type":"ImageObject","inLanguage":"pt-BR","@id":"https:\/\/macomcenter.com.br\/novo\/produto\/maconaria-30-instrucoes-de-mestre\/#primaryimage","url":"https:\/\/macomcenter.com.br\/novo\/wp-content\/uploads\/2024\/03\/30-Instr.png","contentUrl":"https:\/\/macomcenter.com.br\/novo\/wp-content\/uploads\/2024\/03\/30-Instr.png","width":1080,"height":1080},{"@type":"BreadcrumbList","@id":"https:\/\/macomcenter.com.br\/novo\/produto\/maconaria-30-instrucoes-de-mestre\/#breadcrumb","itemListElement":[{"@type":"ListItem","position":1,"name":"In\u00edcio","item":"https:\/\/macomcenter.com.br\/novo\/"},{"@type":"ListItem","position":2,"name":"Produtos","item":"https:\/\/macomcenter.com.br\/novo\/shop\/"},{"@type":"ListItem","position":3,"name":"LIV &#8211; Ma\u00e7onaria 30 Instru\u00e7\u00f5es de Mestre"}]},{"@type":"WebSite","@id":"https:\/\/macomcenter.com.br\/novo\/#website","url":"https:\/\/macomcenter.com.br\/novo\/","name":"Ma\u00e7om Center","description":"A melhor loja virtual para Ma\u00e7ons","potentialAction":[{"@type":"SearchAction","target":{"@type":"EntryPoint","urlTemplate":"https:\/\/macomcenter.com.br\/novo\/?s={search_term_string}"},"query-input":{"@type":"PropertyValueSpecification","valueRequired":true,"valueName":"search_term_string"}}],"inLanguage":"pt-BR"}]}},"_links":{"self":[{"href":"https:\/\/macomcenter.com.br\/novo\/wp-json\/wp\/v2\/product\/2134","targetHints":{"allow":["GET"]}}],"collection":[{"href":"https:\/\/macomcenter.com.br\/novo\/wp-json\/wp\/v2\/product"}],"about":[{"href":"https:\/\/macomcenter.com.br\/novo\/wp-json\/wp\/v2\/types\/product"}],"replies":[{"embeddable":true,"href":"https:\/\/macomcenter.com.br\/novo\/wp-json\/wp\/v2\/comments?post=2134"}],"wp:featuredmedia":[{"embeddable":true,"href":"https:\/\/macomcenter.com.br\/novo\/wp-json\/wp\/v2\/media\/2135"}],"wp:attachment":[{"href":"https:\/\/macomcenter.com.br\/novo\/wp-json\/wp\/v2\/media?parent=2134"}],"wp:term":[{"taxonomy":"product_brand","embeddable":true,"href":"https:\/\/macomcenter.com.br\/novo\/wp-json\/wp\/v2\/product_brand?post=2134"},{"taxonomy":"product_cat","embeddable":true,"href":"https:\/\/macomcenter.com.br\/novo\/wp-json\/wp\/v2\/product_cat?post=2134"},{"taxonomy":"product_tag","embeddable":true,"href":"https:\/\/macomcenter.com.br\/novo\/wp-json\/wp\/v2\/product_tag?post=2134"}],"curies":[{"name":"wp","href":"https:\/\/api.w.org\/{rel}","templated":true}]}}