{"id":1619,"date":"2024-01-25T19:19:06","date_gmt":"2024-01-25T19:19:06","guid":{"rendered":"https:\/\/macomcenter.com.br\/novo\/?post_type=product&#038;p=1619"},"modified":"2026-01-29T17:14:11","modified_gmt":"2026-01-29T17:14:11","slug":"adesivo-olho-de-horus","status":"publish","type":"product","link":"https:\/\/macomcenter.com.br\/novo\/produto\/adesivo-olho-de-horus\/","title":{"rendered":"Adesivo Olho de H\u00f3rus 8cm"},"content":{"rendered":"<p>Adesivo em poli\u00e9ster met\u00e1lico prata, com 8 cm de di\u00e2metro, impress\u00e3o UV de alta defini\u00e7\u00e3o, mais camada de verniz UV para maior durabilidade.<\/p>\n","protected":false},"excerpt":{"rendered":"<p>Adesivo em poli\u00e9ster met\u00e1lico &#8211; 8 cm di\u00e2metro<\/p>\n","protected":false},"featured_media":1620,"comment_status":"open","ping_status":"closed","template":"","meta":{"site-sidebar-layout":"default","site-content-layout":"","ast-site-content-layout":"default","site-content-style":"default","site-sidebar-style":"default","ast-global-header-display":"","ast-banner-title-visibility":"","ast-main-header-display":"","ast-hfb-above-header-display":"","ast-hfb-below-header-display":"","ast-hfb-mobile-header-display":"","site-post-title":"","ast-breadcrumbs-content":"","ast-featured-img":"","footer-sml-layout":"","ast-disable-related-posts":"","theme-transparent-header-meta":"default","adv-header-id-meta":"","stick-header-meta":"","header-above-stick-meta":"","header-main-stick-meta":"","header-below-stick-meta":"","astra-migrate-meta-layouts":"set","ast-page-background-enabled":"default","ast-page-background-meta":{"desktop":{"background-color":"var(--ast-global-color-5)","background-image":"","background-repeat":"repeat","background-position":"center center","background-size":"auto","background-attachment":"scroll","background-type":"","background-media":"","overlay-type":"","overlay-color":"","overlay-opacity":"","overlay-gradient":""},"tablet":{"background-color":"","background-image":"","background-repeat":"repeat","background-position":"center center","background-size":"auto","background-attachment":"scroll","background-type":"","background-media":"","overlay-type":"","overlay-color":"","overlay-opacity":"","overlay-gradient":""},"mobile":{"background-color":"","background-image":"","background-repeat":"repeat","background-position":"center center","background-size":"auto","background-attachment":"scroll","background-type":"","background-media":"","overlay-type":"","overlay-color":"","overlay-opacity":"","overlay-gradient":""}},"ast-content-background-meta":{"desktop":{"background-color":"var(--ast-global-color-4)","background-image":"","background-repeat":"repeat","background-position":"center center","background-size":"auto","background-attachment":"scroll","background-type":"","background-media":"","overlay-type":"","overlay-color":"","overlay-opacity":"","overlay-gradient":""},"tablet":{"background-color":"var(--ast-global-color-4)","background-image":"","background-repeat":"repeat","background-position":"center center","background-size":"auto","background-attachment":"scroll","background-type":"","background-media":"","overlay-type":"","overlay-color":"","overlay-opacity":"","overlay-gradient":""},"mobile":{"background-color":"var(--ast-global-color-4)","background-image":"","background-repeat":"repeat","background-position":"center center","background-size":"auto","background-attachment":"scroll","background-type":"","background-media":"","overlay-type":"","overlay-color":"","overlay-opacity":"","overlay-gradient":""}}},"product_brand":[],"product_cat":[57],"product_tag":[],"class_list":{"0":"post-1619","1":"product","2":"type-product","3":"status-publish","4":"has-post-thumbnail","6":"product_cat-adesivos","7":"desktop-align-center","8":"tablet-align-left","9":"mobile-align-left","11":"first","12":"instock","13":"shipping-taxable","14":"purchasable","15":"product-type-simple"},"yoast_head":"<!-- This site is optimized with the Yoast SEO plugin v27.4 - https:\/\/yoast.com\/product\/yoast-seo-wordpress\/ -->\n<title>Adesivo Olho de H\u00f3rus 8cm - Ma\u00e7om Center<\/title>\n<meta name=\"robots\" content=\"index, follow, max-snippet:-1, max-image-preview:large, max-video-preview:-1\" \/>\n<link rel=\"canonical\" href=\"https:\/\/macomcenter.com.br\/novo\/produto\/adesivo-olho-de-horus\/\" \/>\n<meta property=\"og:locale\" content=\"pt_BR\" \/>\n<meta property=\"og:type\" content=\"article\" \/>\n<meta property=\"og:title\" content=\"Adesivo Olho de H\u00f3rus 8cm - Ma\u00e7om Center\" \/>\n<meta property=\"og:description\" content=\"Adesivo em poli\u00e9ster met\u00e1lico - 8 cm di\u00e2metro\" \/>\n<meta property=\"og:url\" content=\"https:\/\/macomcenter.com.br\/novo\/produto\/adesivo-olho-de-horus\/\" \/>\n<meta property=\"og:site_name\" content=\"Ma\u00e7om Center\" \/>\n<meta property=\"article:modified_time\" content=\"2026-01-29T17:14:11+00:00\" \/>\n<meta property=\"og:image\" content=\"https:\/\/macomcenter.com.br\/novo\/wp-content\/uploads\/2024\/01\/Olho-de-Horus-SEM-FUNDO.png\" \/>\n\t<meta property=\"og:image:width\" content=\"1513\" \/>\n\t<meta property=\"og:image:height\" content=\"1599\" \/>\n\t<meta property=\"og:image:type\" content=\"image\/png\" \/>\n<meta name=\"twitter:card\" content=\"summary_large_image\" \/>\n<meta name=\"twitter:label1\" content=\"Est. tempo de leitura\" \/>\n\t<meta name=\"twitter:data1\" content=\"1 minuto\" \/>\n<script type=\"application\/ld+json\" class=\"yoast-schema-graph\">{\"@context\":\"https:\\\/\\\/schema.org\",\"@graph\":[{\"@type\":\"WebPage\",\"@id\":\"https:\\\/\\\/macomcenter.com.br\\\/novo\\\/produto\\\/adesivo-olho-de-horus\\\/\",\"url\":\"https:\\\/\\\/macomcenter.com.br\\\/novo\\\/produto\\\/adesivo-olho-de-horus\\\/\",\"name\":\"Adesivo Olho de H\u00f3rus 8cm - Ma\u00e7om Center\",\"isPartOf\":{\"@id\":\"https:\\\/\\\/macomcenter.com.br\\\/novo\\\/#website\"},\"primaryImageOfPage\":{\"@id\":\"https:\\\/\\\/macomcenter.com.br\\\/novo\\\/produto\\\/adesivo-olho-de-horus\\\/#primaryimage\"},\"image\":{\"@id\":\"https:\\\/\\\/macomcenter.com.br\\\/novo\\\/produto\\\/adesivo-olho-de-horus\\\/#primaryimage\"},\"thumbnailUrl\":\"https:\\\/\\\/macomcenter.com.br\\\/novo\\\/wp-content\\\/uploads\\\/2024\\\/01\\\/Olho-de-Horus-SEM-FUNDO.png\",\"datePublished\":\"2024-01-25T19:19:06+00:00\",\"dateModified\":\"2026-01-29T17:14:11+00:00\",\"breadcrumb\":{\"@id\":\"https:\\\/\\\/macomcenter.com.br\\\/novo\\\/produto\\\/adesivo-olho-de-horus\\\/#breadcrumb\"},\"inLanguage\":\"pt-BR\",\"potentialAction\":[{\"@type\":\"ReadAction\",\"target\":[\"https:\\\/\\\/macomcenter.com.br\\\/novo\\\/produto\\\/adesivo-olho-de-horus\\\/\"]}]},{\"@type\":\"ImageObject\",\"inLanguage\":\"pt-BR\",\"@id\":\"https:\\\/\\\/macomcenter.com.br\\\/novo\\\/produto\\\/adesivo-olho-de-horus\\\/#primaryimage\",\"url\":\"https:\\\/\\\/macomcenter.com.br\\\/novo\\\/wp-content\\\/uploads\\\/2024\\\/01\\\/Olho-de-Horus-SEM-FUNDO.png\",\"contentUrl\":\"https:\\\/\\\/macomcenter.com.br\\\/novo\\\/wp-content\\\/uploads\\\/2024\\\/01\\\/Olho-de-Horus-SEM-FUNDO.png\",\"width\":1513,\"height\":1599},{\"@type\":\"BreadcrumbList\",\"@id\":\"https:\\\/\\\/macomcenter.com.br\\\/novo\\\/produto\\\/adesivo-olho-de-horus\\\/#breadcrumb\",\"itemListElement\":[{\"@type\":\"ListItem\",\"position\":1,\"name\":\"In\u00edcio\",\"item\":\"https:\\\/\\\/macomcenter.com.br\\\/novo\\\/\"},{\"@type\":\"ListItem\",\"position\":2,\"name\":\"Produtos\",\"item\":\"https:\\\/\\\/macomcenter.com.br\\\/novo\\\/shop\\\/\"},{\"@type\":\"ListItem\",\"position\":3,\"name\":\"Adesivo Olho de H\u00f3rus 8cm\"}]},{\"@type\":\"WebSite\",\"@id\":\"https:\\\/\\\/macomcenter.com.br\\\/novo\\\/#website\",\"url\":\"https:\\\/\\\/macomcenter.com.br\\\/novo\\\/\",\"name\":\"Ma\u00e7om Center\",\"description\":\"A melhor loja virtual para Ma\u00e7ons\",\"potentialAction\":[{\"@type\":\"SearchAction\",\"target\":{\"@type\":\"EntryPoint\",\"urlTemplate\":\"https:\\\/\\\/macomcenter.com.br\\\/novo\\\/?s={search_term_string}\"},\"query-input\":{\"@type\":\"PropertyValueSpecification\",\"valueRequired\":true,\"valueName\":\"search_term_string\"}}],\"inLanguage\":\"pt-BR\"}]}<\/script>\n<!-- \/ Yoast SEO plugin. -->","yoast_head_json":{"title":"Adesivo Olho de H\u00f3rus 8cm - Ma\u00e7om Center","robots":{"index":"index","follow":"follow","max-snippet":"max-snippet:-1","max-image-preview":"max-image-preview:large","max-video-preview":"max-video-preview:-1"},"canonical":"https:\/\/macomcenter.com.br\/novo\/produto\/adesivo-olho-de-horus\/","og_locale":"pt_BR","og_type":"article","og_title":"Adesivo Olho de H\u00f3rus 8cm - Ma\u00e7om Center","og_description":"Adesivo em poli\u00e9ster met\u00e1lico - 8 cm di\u00e2metro","og_url":"https:\/\/macomcenter.com.br\/novo\/produto\/adesivo-olho-de-horus\/","og_site_name":"Ma\u00e7om Center","article_modified_time":"2026-01-29T17:14:11+00:00","og_image":[{"width":1513,"height":1599,"url":"https:\/\/macomcenter.com.br\/novo\/wp-content\/uploads\/2024\/01\/Olho-de-Horus-SEM-FUNDO.png","type":"image\/png"}],"twitter_card":"summary_large_image","twitter_misc":{"Est. tempo de leitura":"1 minuto"},"schema":{"@context":"https:\/\/schema.org","@graph":[{"@type":"WebPage","@id":"https:\/\/macomcenter.com.br\/novo\/produto\/adesivo-olho-de-horus\/","url":"https:\/\/macomcenter.com.br\/novo\/produto\/adesivo-olho-de-horus\/","name":"Adesivo Olho de H\u00f3rus 8cm - Ma\u00e7om Center","isPartOf":{"@id":"https:\/\/macomcenter.com.br\/novo\/#website"},"primaryImageOfPage":{"@id":"https:\/\/macomcenter.com.br\/novo\/produto\/adesivo-olho-de-horus\/#primaryimage"},"image":{"@id":"https:\/\/macomcenter.com.br\/novo\/produto\/adesivo-olho-de-horus\/#primaryimage"},"thumbnailUrl":"https:\/\/macomcenter.com.br\/novo\/wp-content\/uploads\/2024\/01\/Olho-de-Horus-SEM-FUNDO.png","datePublished":"2024-01-25T19:19:06+00:00","dateModified":"2026-01-29T17:14:11+00:00","breadcrumb":{"@id":"https:\/\/macomcenter.com.br\/novo\/produto\/adesivo-olho-de-horus\/#breadcrumb"},"inLanguage":"pt-BR","potentialAction":[{"@type":"ReadAction","target":["https:\/\/macomcenter.com.br\/novo\/produto\/adesivo-olho-de-horus\/"]}]},{"@type":"ImageObject","inLanguage":"pt-BR","@id":"https:\/\/macomcenter.com.br\/novo\/produto\/adesivo-olho-de-horus\/#primaryimage","url":"https:\/\/macomcenter.com.br\/novo\/wp-content\/uploads\/2024\/01\/Olho-de-Horus-SEM-FUNDO.png","contentUrl":"https:\/\/macomcenter.com.br\/novo\/wp-content\/uploads\/2024\/01\/Olho-de-Horus-SEM-FUNDO.png","width":1513,"height":1599},{"@type":"BreadcrumbList","@id":"https:\/\/macomcenter.com.br\/novo\/produto\/adesivo-olho-de-horus\/#breadcrumb","itemListElement":[{"@type":"ListItem","position":1,"name":"In\u00edcio","item":"https:\/\/macomcenter.com.br\/novo\/"},{"@type":"ListItem","position":2,"name":"Produtos","item":"https:\/\/macomcenter.com.br\/novo\/shop\/"},{"@type":"ListItem","position":3,"name":"Adesivo Olho de H\u00f3rus 8cm"}]},{"@type":"WebSite","@id":"https:\/\/macomcenter.com.br\/novo\/#website","url":"https:\/\/macomcenter.com.br\/novo\/","name":"Ma\u00e7om Center","description":"A melhor loja virtual para Ma\u00e7ons","potentialAction":[{"@type":"SearchAction","target":{"@type":"EntryPoint","urlTemplate":"https:\/\/macomcenter.com.br\/novo\/?s={search_term_string}"},"query-input":{"@type":"PropertyValueSpecification","valueRequired":true,"valueName":"search_term_string"}}],"inLanguage":"pt-BR"}]}},"_links":{"self":[{"href":"https:\/\/macomcenter.com.br\/novo\/wp-json\/wp\/v2\/product\/1619","targetHints":{"allow":["GET"]}}],"collection":[{"href":"https:\/\/macomcenter.com.br\/novo\/wp-json\/wp\/v2\/product"}],"about":[{"href":"https:\/\/macomcenter.com.br\/novo\/wp-json\/wp\/v2\/types\/product"}],"replies":[{"embeddable":true,"href":"https:\/\/macomcenter.com.br\/novo\/wp-json\/wp\/v2\/comments?post=1619"}],"wp:featuredmedia":[{"embeddable":true,"href":"https:\/\/macomcenter.com.br\/novo\/wp-json\/wp\/v2\/media\/1620"}],"wp:attachment":[{"href":"https:\/\/macomcenter.com.br\/novo\/wp-json\/wp\/v2\/media?parent=1619"}],"wp:term":[{"taxonomy":"product_brand","embeddable":true,"href":"https:\/\/macomcenter.com.br\/novo\/wp-json\/wp\/v2\/product_brand?post=1619"},{"taxonomy":"product_cat","embeddable":true,"href":"https:\/\/macomcenter.com.br\/novo\/wp-json\/wp\/v2\/product_cat?post=1619"},{"taxonomy":"product_tag","embeddable":true,"href":"https:\/\/macomcenter.com.br\/novo\/wp-json\/wp\/v2\/product_tag?post=1619"}],"curies":[{"name":"wp","href":"https:\/\/api.w.org\/{rel}","templated":true}]}}